{"id":26631,"date":"2024-08-19T13:43:35","date_gmt":"2024-08-19T11:43:35","guid":{"rendered":"https:\/\/friends.se\/?post_type=product&#038;p=26631"},"modified":"2024-09-03T15:16:33","modified_gmt":"2024-09-03T13:16:33","slug":"varsta-basta-livet","status":"publish","type":"product","link":"https:\/\/friends.se\/en\/produkt\/varsta-basta-livet\/","title":{"rendered":"V\u00e4rsta b\u00e4sta livet"},"content":{"rendered":"<p><strong>F\u00f6rfattare: <\/strong>Maria Dufva, Magnus Loftsson<br \/>\n<strong>\u00c5lder:<\/strong> 9-12 \u00e5r<br \/>\n<strong>ISBN:<\/strong> 9789189820494<br \/>\n<strong>Spr\u00e5k:<\/strong> Svenska<br \/>\n<strong>Vikt:<\/strong> 248 gram<br \/>\n<strong>Serie:<\/strong> V\u00e4rsta b\u00e4sta<br \/>\n<strong>Utgiven:<\/strong> 2024-08-01<br \/>\n<strong>F\u00f6rlag:<\/strong> Bookmark F\u00f6rlag<br \/>\n<strong>Antal sidor:<\/strong> 109<\/p>\n","protected":false},"excerpt":{"rendered":"<p>Mobbning och psykisk oh\u00e4lsa bland barn har \u00f6kat drastiskt de senaste \u00e5ren. Det \u00e4r en orov\u00e4ckande trend som Friends vill v\u00e4nda med boken V\u00e4rsta b\u00e4sta livet! V\u00e4rsta b\u00e4sta livet v\u00e4nder sig direkt till barn i \u00e5ldrarna 9-12 \u00e5r med enkel, rolig och engagerande kunskap och tips p\u00e5 hur de sj\u00e4lva kan st\u00e4rka sin motst\u00e5ndskraft mot mobbning och psykisk oh\u00e4lsa.<\/p>\n<p>Boken lyfter 7 skills (eller f\u00f6rm\u00e5gor, som vi vuxna skulle kalla det), bland annat hur man blir b\u00e4st p\u00e5 br\u00e5k, l\u00f6ser problem och v\u00e5gar st\u00e5 upp f\u00f6r sig sj\u00e4lv och andra. Helt livsviktiga f\u00f6rm\u00e5gor som skyddar barn fr\u00e5n det v\u00e4rsta och hj\u00e4lper dem att uppleva det b\u00e4sta med livet.<\/p>\n<h4>Om f\u00f6rfattarna<\/h4>\n<p><strong>Maria Dufva<\/strong> \u00e4r kriminolog och f\u00f6rel\u00e4ser ofta f\u00f6r f\u00f6r\u00e4ldrar, l\u00e4rare och elever om ungas utsatthet p\u00e5 n\u00e4tet och i samh\u00e4llet. V\u00e4rsta b\u00e4sta livet \u00e4r den senaste boken i hennes serie om \u00e4mnet.<\/p>\n<p><strong>Magnus Loftsson<\/strong> \u00e4r leg. psykolog och forskningsledare p\u00e5 Friends. Han har l\u00e5ng erfarenhet av arbete med diskrimineringsfr\u00e5gor, j\u00e4mst\u00e4lldhet och v\u00e5ldsprevention bland barn och unga<\/p>\n<p>V\u00e4rsta b\u00e4sta livet s\u00e4ljs till f\u00f6rm\u00e5n f\u00f6r Friends. Genom att k\u00f6pa boken bidrar ni till att st\u00e4rka framtida generationer, samtidigt som ni st\u00f6djer Friends arbete mot mobbning bland barn och unga.<\/p>\n<h4><a href=\"https:\/\/bookmarkforlag.se\/bocker\/varsta-basta-livet\/\" target=\"_blank\" rel=\"noopener\">K\u00f6p boken<\/a><\/h4>\n","protected":false},"featured_media":26632,"template":"","meta":{"_acf_changed":false,"_helpful_status":1,"_relevanssi_hide_post":"","_relevanssi_hide_content":"","_relevanssi_pin_for_all":"","_relevanssi_pin_keywords":"","_relevanssi_unpin_keywords":"","_relevanssi_related_keywords":"","_relevanssi_related_include_ids":"","_relevanssi_related_exclude_ids":"","_relevanssi_related_no_append":"","_relevanssi_related_not_related":"","_relevanssi_related_posts":"","_relevanssi_noindex_reason":""},"product_brand":[],"product_cat":[45],"product_tag":[],"class_list":{"0":"post-26631","1":"product","2":"type-product","3":"status-publish","4":"has-post-thumbnail","6":"product_cat-bocker","8":"first","9":"instock","10":"taxable","11":"shipping-taxable","12":"product-type-simple"},"acf":[],"_links":{"self":[{"href":"https:\/\/friends.se\/en\/wp-json\/wp\/v2\/product\/26631","targetHints":{"allow":["GET"]}}],"collection":[{"href":"https:\/\/friends.se\/en\/wp-json\/wp\/v2\/product"}],"about":[{"href":"https:\/\/friends.se\/en\/wp-json\/wp\/v2\/types\/product"}],"wp:featuredmedia":[{"embeddable":true,"href":"https:\/\/friends.se\/en\/wp-json\/wp\/v2\/media\/26632"}],"wp:attachment":[{"href":"https:\/\/friends.se\/en\/wp-json\/wp\/v2\/media?parent=26631"}],"wp:term":[{"taxonomy":"product_brand","embeddable":true,"href":"https:\/\/friends.se\/en\/wp-json\/wp\/v2\/product_brand?post=26631"},{"taxonomy":"product_cat","embeddable":true,"href":"https:\/\/friends.se\/en\/wp-json\/wp\/v2\/product_cat?post=26631"},{"taxonomy":"product_tag","embeddable":true,"href":"https:\/\/friends.se\/en\/wp-json\/wp\/v2\/product_tag?post=26631"}],"curies":[{"name":"wp","href":"https:\/\/api.w.org\/{rel}","templated":true}]}}