{"id":17715,"date":"2023-01-16T14:32:53","date_gmt":"2023-01-16T13:32:53","guid":{"rendered":""},"modified":"2023-07-11T10:43:17","modified_gmt":"2023-07-11T08:43:17","slug":"affisch-hur-kan-jag-gora-natet-mer-tryggt","status":"publish","type":"product","link":"https:\/\/friends.se\/en\/produkt\/affisch-hur-kan-jag-gora-natet-mer-tryggt\/","title":{"rendered":"Affisch: Hur kan jag g\u00f6ra n\u00e4tet mer tryggt?"},"content":{"rendered":"<p>Affisch i A3-format som du skriver ut sj\u00e4lv.<\/p>\n","protected":false},"excerpt":{"rendered":"<p>Affisch att s\u00e4tta upp i gemensamma utrymmen f\u00f6r att \u00f6ka barns medvetenhet om mobbning och vad de kan g\u00f6ra \u00e5t det. Att stoppa mobbning \u00e4r alltid vuxnas ansvar men barn kan ocks\u00e5 bidra till en tryggare milj\u00f6.<\/p>\n<p>Detta \u00e4r en affisch i digitalt format som du skriver ut sj\u00e4lv.<\/p>\n<h3><a href=\"https:\/\/friends.se\/uploads\/2023\/01\/Hur-kan-jag-go\u0308ra-na\u0308tet-mer-tryggt.pdf\" target=\"_blank\" rel=\"noopener\">Ladda ned affischen h\u00e4r<\/a><\/h3>\n","protected":false},"featured_media":17701,"template":"","meta":{"_acf_changed":false,"_helpful_status":1,"_relevanssi_hide_post":"","_relevanssi_hide_content":"","_relevanssi_pin_for_all":"","_relevanssi_pin_keywords":"","_relevanssi_unpin_keywords":"","_relevanssi_related_keywords":"","_relevanssi_related_include_ids":"","_relevanssi_related_exclude_ids":"","_relevanssi_related_no_append":"","_relevanssi_related_not_related":"","_relevanssi_related_posts":"","_relevanssi_noindex_reason":""},"product_brand":[],"product_cat":[47],"product_tag":[],"class_list":{"0":"post-17715","1":"product","2":"type-product","3":"status-publish","4":"has-post-thumbnail","6":"product_cat-material","8":"first","9":"instock","10":"taxable","11":"shipping-taxable","12":"product-type-simple"},"acf":[],"_links":{"self":[{"href":"https:\/\/friends.se\/en\/wp-json\/wp\/v2\/product\/17715","targetHints":{"allow":["GET"]}}],"collection":[{"href":"https:\/\/friends.se\/en\/wp-json\/wp\/v2\/product"}],"about":[{"href":"https:\/\/friends.se\/en\/wp-json\/wp\/v2\/types\/product"}],"wp:featuredmedia":[{"embeddable":true,"href":"https:\/\/friends.se\/en\/wp-json\/wp\/v2\/media\/17701"}],"wp:attachment":[{"href":"https:\/\/friends.se\/en\/wp-json\/wp\/v2\/media?parent=17715"}],"wp:term":[{"taxonomy":"product_brand","embeddable":true,"href":"https:\/\/friends.se\/en\/wp-json\/wp\/v2\/product_brand?post=17715"},{"taxonomy":"product_cat","embeddable":true,"href":"https:\/\/friends.se\/en\/wp-json\/wp\/v2\/product_cat?post=17715"},{"taxonomy":"product_tag","embeddable":true,"href":"https:\/\/friends.se\/en\/wp-json\/wp\/v2\/product_tag?post=17715"}],"curies":[{"name":"wp","href":"https:\/\/api.w.org\/{rel}","templated":true}]}}