{"id":7133,"date":"2021-03-22T10:30:13","date_gmt":"2021-03-22T09:30:13","guid":{"rendered":"https:\/\/friends.se\/?page_id=7133"},"modified":"2026-02-05T17:08:19","modified_gmt":"2026-02-05T16:08:19","slug":"barnkonventionen","status":"publish","type":"page","link":"https:\/\/friends.se\/en\/barnkonventionen\/","title":{"rendered":"Barnkonventionen"},"content":{"rendered":"","protected":false},"excerpt":{"rendered":"<p>Friends \u00e4r en barnr\u00e4ttsorganisation d\u00e4r all verksamhet utg\u00e5r fr\u00e5n barnkonventionen.<\/p>\n","protected":false},"author":3,"featured_media":6675,"parent":0,"menu_order":0,"comment_status":"closed","ping_status":"closed","template":"","meta":{"_acf_changed":false,"_helpful_status":1,"_relevanssi_hide_post":"","_relevanssi_hide_content":"","_relevanssi_pin_for_all":"","_relevanssi_pin_keywords":"","_relevanssi_unpin_keywords":"","_relevanssi_related_keywords":"","_relevanssi_related_include_ids":"","_relevanssi_related_exclude_ids":"","_relevanssi_related_no_append":"","_relevanssi_related_not_related":"","_relevanssi_related_posts":"","_relevanssi_noindex_reason":"","footnotes":""},"categories":[109],"tags":[],"simple-restrict-permission":[],"class_list":["post-7133","page","type-page","status-publish","has-post-thumbnail","hentry","category-friends-uppdrag"],"acf":[],"_links":{"self":[{"href":"https:\/\/friends.se\/en\/wp-json\/wp\/v2\/pages\/7133","targetHints":{"allow":["GET"]}}],"collection":[{"href":"https:\/\/friends.se\/en\/wp-json\/wp\/v2\/pages"}],"about":[{"href":"https:\/\/friends.se\/en\/wp-json\/wp\/v2\/types\/page"}],"author":[{"embeddable":true,"href":"https:\/\/friends.se\/en\/wp-json\/wp\/v2\/users\/3"}],"replies":[{"embeddable":true,"href":"https:\/\/friends.se\/en\/wp-json\/wp\/v2\/comments?post=7133"}],"version-history":[{"count":13,"href":"https:\/\/friends.se\/en\/wp-json\/wp\/v2\/pages\/7133\/revisions"}],"predecessor-version":[{"id":32755,"href":"https:\/\/friends.se\/en\/wp-json\/wp\/v2\/pages\/7133\/revisions\/32755"}],"wp:featuredmedia":[{"embeddable":true,"href":"https:\/\/friends.se\/en\/wp-json\/wp\/v2\/media\/6675"}],"wp:attachment":[{"href":"https:\/\/friends.se\/en\/wp-json\/wp\/v2\/media?parent=7133"}],"wp:term":[{"taxonomy":"category","embeddable":true,"href":"https:\/\/friends.se\/en\/wp-json\/wp\/v2\/categories?post=7133"},{"taxonomy":"post_tag","embeddable":true,"href":"https:\/\/friends.se\/en\/wp-json\/wp\/v2\/tags?post=7133"},{"taxonomy":"simple-restrict-permission","embeddable":true,"href":"https:\/\/friends.se\/en\/wp-json\/wp\/v2\/simple-restrict-permission?post=7133"}],"curies":[{"name":"wp","href":"https:\/\/api.w.org\/{rel}","templated":true}]}}