{"id":5916,"date":"2020-05-07T16:00:54","date_gmt":"2020-05-07T14:00:54","guid":{"rendered":"https:\/\/friends.se\/?page_id=5916"},"modified":"2022-09-14T16:43:19","modified_gmt":"2022-09-14T14:43:19","slug":"handledning","status":"publish","type":"page","link":"https:\/\/friends.se\/en\/anlita-oss\/forskola\/handledning\/","title":{"rendered":"Handledning och konsultation f\u00f6r f\u00f6rskolan"},"content":{"rendered":"","protected":false},"excerpt":{"rendered":"<p>Vi erbjuder kostnadsfri r\u00e5dgivning p\u00e5 telefon eller mejl, men ibland \u00e4r behovet st\u00f6rre \u00e4n s\u00e5.<\/p>\n","protected":false},"author":3,"featured_media":0,"parent":1232,"menu_order":0,"comment_status":"closed","ping_status":"closed","template":"","meta":{"_acf_changed":false,"_helpful_status":1,"_relevanssi_hide_post":"","_relevanssi_hide_content":"","_relevanssi_pin_for_all":"","_relevanssi_pin_keywords":"","_relevanssi_unpin_keywords":"","_relevanssi_related_keywords":"","_relevanssi_related_include_ids":"","_relevanssi_related_exclude_ids":"","_relevanssi_related_no_append":"","_relevanssi_related_not_related":"","_relevanssi_related_posts":"","_relevanssi_noindex_reason":"","footnotes":""},"categories":[107],"tags":[],"simple-restrict-permission":[],"class_list":["post-5916","page","type-page","status-publish","hentry","category-anlita-friends"],"acf":[],"_links":{"self":[{"href":"https:\/\/friends.se\/en\/wp-json\/wp\/v2\/pages\/5916","targetHints":{"allow":["GET"]}}],"collection":[{"href":"https:\/\/friends.se\/en\/wp-json\/wp\/v2\/pages"}],"about":[{"href":"https:\/\/friends.se\/en\/wp-json\/wp\/v2\/types\/page"}],"author":[{"embeddable":true,"href":"https:\/\/friends.se\/en\/wp-json\/wp\/v2\/users\/3"}],"replies":[{"embeddable":true,"href":"https:\/\/friends.se\/en\/wp-json\/wp\/v2\/comments?post=5916"}],"version-history":[{"count":8,"href":"https:\/\/friends.se\/en\/wp-json\/wp\/v2\/pages\/5916\/revisions"}],"predecessor-version":[{"id":16088,"href":"https:\/\/friends.se\/en\/wp-json\/wp\/v2\/pages\/5916\/revisions\/16088"}],"up":[{"embeddable":true,"href":"https:\/\/friends.se\/en\/wp-json\/wp\/v2\/pages\/1232"}],"wp:attachment":[{"href":"https:\/\/friends.se\/en\/wp-json\/wp\/v2\/media?parent=5916"}],"wp:term":[{"taxonomy":"category","embeddable":true,"href":"https:\/\/friends.se\/en\/wp-json\/wp\/v2\/categories?post=5916"},{"taxonomy":"post_tag","embeddable":true,"href":"https:\/\/friends.se\/en\/wp-json\/wp\/v2\/tags?post=5916"},{"taxonomy":"simple-restrict-permission","embeddable":true,"href":"https:\/\/friends.se\/en\/wp-json\/wp\/v2\/simple-restrict-permission?post=5916"}],"curies":[{"name":"wp","href":"https:\/\/api.w.org\/{rel}","templated":true}]}}