{"id":4707,"date":"2019-11-26T17:52:19","date_gmt":"2019-11-26T16:52:19","guid":{"rendered":"https:\/\/friends.se\/?page_id=4707"},"modified":"2025-04-17T09:49:46","modified_gmt":"2025-04-17T07:49:46","slug":"agenda-2030","status":"publish","type":"page","link":"https:\/\/friends.se\/en\/agenda-2030\/","title":{"rendered":"Agenda 2030"},"content":{"rendered":"","protected":false},"excerpt":{"rendered":"<p>Agenda 2030 \u00e4r en global agenda f\u00f6r hur v\u00e4rlden ska agera f\u00f6r att skapa h\u00e5llbar utveckling. Vi fokuserar p\u00e5 sex av de globala m\u00e5len d\u00e4r vi har st\u00f6rst m\u00f6jlighet att g\u00f6ra skillnad.<\/p>\n","protected":false},"author":3,"featured_media":2271,"parent":0,"menu_order":0,"comment_status":"closed","ping_status":"closed","template":"","meta":{"_acf_changed":false,"_helpful_status":1,"_relevanssi_hide_post":"","_relevanssi_hide_content":"","_relevanssi_pin_for_all":"","_relevanssi_pin_keywords":"","_relevanssi_unpin_keywords":"","_relevanssi_related_keywords":"","_relevanssi_related_include_ids":"","_relevanssi_related_exclude_ids":"","_relevanssi_related_no_append":"","_relevanssi_related_not_related":"","_relevanssi_related_posts":"","_relevanssi_noindex_reason":"","footnotes":""},"categories":[109],"tags":[],"simple-restrict-permission":[],"class_list":["post-4707","page","type-page","status-publish","has-post-thumbnail","hentry","category-friends-uppdrag"],"acf":[],"_links":{"self":[{"href":"https:\/\/friends.se\/en\/wp-json\/wp\/v2\/pages\/4707","targetHints":{"allow":["GET"]}}],"collection":[{"href":"https:\/\/friends.se\/en\/wp-json\/wp\/v2\/pages"}],"about":[{"href":"https:\/\/friends.se\/en\/wp-json\/wp\/v2\/types\/page"}],"author":[{"embeddable":true,"href":"https:\/\/friends.se\/en\/wp-json\/wp\/v2\/users\/3"}],"replies":[{"embeddable":true,"href":"https:\/\/friends.se\/en\/wp-json\/wp\/v2\/comments?post=4707"}],"version-history":[{"count":10,"href":"https:\/\/friends.se\/en\/wp-json\/wp\/v2\/pages\/4707\/revisions"}],"predecessor-version":[{"id":29218,"href":"https:\/\/friends.se\/en\/wp-json\/wp\/v2\/pages\/4707\/revisions\/29218"}],"wp:featuredmedia":[{"embeddable":true,"href":"https:\/\/friends.se\/en\/wp-json\/wp\/v2\/media\/2271"}],"wp:attachment":[{"href":"https:\/\/friends.se\/en\/wp-json\/wp\/v2\/media?parent=4707"}],"wp:term":[{"taxonomy":"category","embeddable":true,"href":"https:\/\/friends.se\/en\/wp-json\/wp\/v2\/categories?post=4707"},{"taxonomy":"post_tag","embeddable":true,"href":"https:\/\/friends.se\/en\/wp-json\/wp\/v2\/tags?post=4707"},{"taxonomy":"simple-restrict-permission","embeddable":true,"href":"https:\/\/friends.se\/en\/wp-json\/wp\/v2\/simple-restrict-permission?post=4707"}],"curies":[{"name":"wp","href":"https:\/\/api.w.org\/{rel}","templated":true}]}}