{"id":25259,"date":"2024-03-27T00:21:16","date_gmt":"2024-03-26T23:21:16","guid":{"rendered":"https:\/\/friends.se\/?page_id=25259"},"modified":"2026-02-10T10:11:48","modified_gmt":"2026-02-10T09:11:48","slug":"att-anmala-sexuella-trakasserier","status":"publish","type":"page","link":"https:\/\/friends.se\/en\/kunskapsbanken\/foralder\/sexuella-trakasserier\/att-anmala-sexuella-trakasserier\/","title":{"rendered":"Att anm\u00e4la sexuella trakasserier"},"content":{"rendered":"","protected":false},"excerpt":{"rendered":"<p>M\u00e5nga g\u00e5nger \u00e4r sexuella trakasserier olagligt, d\u00e5 \u00e4r det viktigt att polisanm\u00e4la. <\/p>\n","protected":false},"author":3,"featured_media":24900,"parent":25251,"menu_order":0,"comment_status":"closed","ping_status":"closed","template":"","meta":{"_acf_changed":false,"_helpful_status":1,"_relevanssi_hide_post":"","_relevanssi_hide_content":"","_relevanssi_pin_for_all":"","_relevanssi_pin_keywords":"","_relevanssi_unpin_keywords":"","_relevanssi_related_keywords":"","_relevanssi_related_include_ids":"","_relevanssi_related_exclude_ids":"","_relevanssi_related_no_append":"","_relevanssi_related_not_related":"","_relevanssi_related_posts":"","_relevanssi_noindex_reason":"","footnotes":""},"categories":[203],"tags":[],"simple-restrict-permission":[],"class_list":["post-25259","page","type-page","status-publish","has-post-thumbnail","hentry","category-foraldrar-och-narstaende-en"],"acf":[],"_links":{"self":[{"href":"https:\/\/friends.se\/en\/wp-json\/wp\/v2\/pages\/25259","targetHints":{"allow":["GET"]}}],"collection":[{"href":"https:\/\/friends.se\/en\/wp-json\/wp\/v2\/pages"}],"about":[{"href":"https:\/\/friends.se\/en\/wp-json\/wp\/v2\/types\/page"}],"author":[{"embeddable":true,"href":"https:\/\/friends.se\/en\/wp-json\/wp\/v2\/users\/3"}],"replies":[{"embeddable":true,"href":"https:\/\/friends.se\/en\/wp-json\/wp\/v2\/comments?post=25259"}],"version-history":[{"count":5,"href":"https:\/\/friends.se\/en\/wp-json\/wp\/v2\/pages\/25259\/revisions"}],"predecessor-version":[{"id":32834,"href":"https:\/\/friends.se\/en\/wp-json\/wp\/v2\/pages\/25259\/revisions\/32834"}],"up":[{"embeddable":true,"href":"https:\/\/friends.se\/en\/wp-json\/wp\/v2\/pages\/25251"}],"wp:featuredmedia":[{"embeddable":true,"href":"https:\/\/friends.se\/en\/wp-json\/wp\/v2\/media\/24900"}],"wp:attachment":[{"href":"https:\/\/friends.se\/en\/wp-json\/wp\/v2\/media?parent=25259"}],"wp:term":[{"taxonomy":"category","embeddable":true,"href":"https:\/\/friends.se\/en\/wp-json\/wp\/v2\/categories?post=25259"},{"taxonomy":"post_tag","embeddable":true,"href":"https:\/\/friends.se\/en\/wp-json\/wp\/v2\/tags?post=25259"},{"taxonomy":"simple-restrict-permission","embeddable":true,"href":"https:\/\/friends.se\/en\/wp-json\/wp\/v2\/simple-restrict-permission?post=25259"}],"curies":[{"name":"wp","href":"https:\/\/api.w.org\/{rel}","templated":true}]}}