{"id":25257,"date":"2024-03-27T00:06:05","date_gmt":"2024-03-26T23:06:05","guid":{"rendered":"https:\/\/friends.se\/?page_id=25257"},"modified":"2026-02-08T15:14:38","modified_gmt":"2026-02-08T14:14:38","slug":"stark-ditt-barns-integritet","status":"publish","type":"page","link":"https:\/\/friends.se\/en\/kunskapsbanken\/foralder\/sexuella-trakasserier\/stark-ditt-barns-integritet\/","title":{"rendered":"St\u00e4rk ditt barns integritet"},"content":{"rendered":"","protected":false},"excerpt":{"rendered":"<p>F\u00f6r att hj\u00e4lpa barn avg\u00f6ra vad som \u00e4r sexuella trakasserier \u00e4r det viktigt att i tidig \u00e5lder introducera samtal kring samtycke och integritet.<\/p>\n","protected":false},"author":3,"featured_media":4953,"parent":25251,"menu_order":0,"comment_status":"closed","ping_status":"closed","template":"","meta":{"_acf_changed":false,"_helpful_status":1,"_relevanssi_hide_post":"","_relevanssi_hide_content":"","_relevanssi_pin_for_all":"","_relevanssi_pin_keywords":"","_relevanssi_unpin_keywords":"","_relevanssi_related_keywords":"","_relevanssi_related_include_ids":"","_relevanssi_related_exclude_ids":"","_relevanssi_related_no_append":"","_relevanssi_related_not_related":"","_relevanssi_related_posts":"","_relevanssi_noindex_reason":"","footnotes":""},"categories":[203],"tags":[],"simple-restrict-permission":[],"class_list":["post-25257","page","type-page","status-publish","has-post-thumbnail","hentry","category-foraldrar-och-narstaende-en"],"acf":[],"_links":{"self":[{"href":"https:\/\/friends.se\/en\/wp-json\/wp\/v2\/pages\/25257","targetHints":{"allow":["GET"]}}],"collection":[{"href":"https:\/\/friends.se\/en\/wp-json\/wp\/v2\/pages"}],"about":[{"href":"https:\/\/friends.se\/en\/wp-json\/wp\/v2\/types\/page"}],"author":[{"embeddable":true,"href":"https:\/\/friends.se\/en\/wp-json\/wp\/v2\/users\/3"}],"replies":[{"embeddable":true,"href":"https:\/\/friends.se\/en\/wp-json\/wp\/v2\/comments?post=25257"}],"version-history":[{"count":5,"href":"https:\/\/friends.se\/en\/wp-json\/wp\/v2\/pages\/25257\/revisions"}],"predecessor-version":[{"id":32827,"href":"https:\/\/friends.se\/en\/wp-json\/wp\/v2\/pages\/25257\/revisions\/32827"}],"up":[{"embeddable":true,"href":"https:\/\/friends.se\/en\/wp-json\/wp\/v2\/pages\/25251"}],"wp:featuredmedia":[{"embeddable":true,"href":"https:\/\/friends.se\/en\/wp-json\/wp\/v2\/media\/4953"}],"wp:attachment":[{"href":"https:\/\/friends.se\/en\/wp-json\/wp\/v2\/media?parent=25257"}],"wp:term":[{"taxonomy":"category","embeddable":true,"href":"https:\/\/friends.se\/en\/wp-json\/wp\/v2\/categories?post=25257"},{"taxonomy":"post_tag","embeddable":true,"href":"https:\/\/friends.se\/en\/wp-json\/wp\/v2\/tags?post=25257"},{"taxonomy":"simple-restrict-permission","embeddable":true,"href":"https:\/\/friends.se\/en\/wp-json\/wp\/v2\/simple-restrict-permission?post=25257"}],"curies":[{"name":"wp","href":"https:\/\/api.w.org\/{rel}","templated":true}]}}