{"id":25253,"date":"2024-03-26T23:47:51","date_gmt":"2024-03-26T22:47:51","guid":{"rendered":"https:\/\/friends.se\/?page_id=25253"},"modified":"2026-02-10T10:03:53","modified_gmt":"2026-02-10T09:03:53","slug":"lar-dig-mer-om-sexuella-trakasserier","status":"publish","type":"page","link":"https:\/\/friends.se\/en\/kunskapsbanken\/foralder\/sexuella-trakasserier\/lar-dig-mer-om-sexuella-trakasserier\/","title":{"rendered":"L\u00e4r dig mer om sexuella trakasserier"},"content":{"rendered":"","protected":false},"excerpt":{"rendered":"<p>Sexuella trakasserier \u00e4r en o\u00f6nskad handling som sker utan samtycke. Sker det vid upprepade tillf\u00e4llen kan det handla om sexuell mobbning.<\/p>\n","protected":false},"author":3,"featured_media":15608,"parent":25251,"menu_order":0,"comment_status":"closed","ping_status":"closed","template":"","meta":{"_acf_changed":false,"_helpful_status":1,"_relevanssi_hide_post":"","_relevanssi_hide_content":"","_relevanssi_pin_for_all":"","_relevanssi_pin_keywords":"","_relevanssi_unpin_keywords":"","_relevanssi_related_keywords":"","_relevanssi_related_include_ids":"","_relevanssi_related_exclude_ids":"","_relevanssi_related_no_append":"","_relevanssi_related_not_related":"","_relevanssi_related_posts":"","_relevanssi_noindex_reason":"","footnotes":""},"categories":[203],"tags":[66],"simple-restrict-permission":[],"class_list":["post-25253","page","type-page","status-publish","has-post-thumbnail","hentry","category-foraldrar-och-narstaende-en","tag-sexuella-trakasserier"],"acf":[],"_links":{"self":[{"href":"https:\/\/friends.se\/en\/wp-json\/wp\/v2\/pages\/25253","targetHints":{"allow":["GET"]}}],"collection":[{"href":"https:\/\/friends.se\/en\/wp-json\/wp\/v2\/pages"}],"about":[{"href":"https:\/\/friends.se\/en\/wp-json\/wp\/v2\/types\/page"}],"author":[{"embeddable":true,"href":"https:\/\/friends.se\/en\/wp-json\/wp\/v2\/users\/3"}],"replies":[{"embeddable":true,"href":"https:\/\/friends.se\/en\/wp-json\/wp\/v2\/comments?post=25253"}],"version-history":[{"count":7,"href":"https:\/\/friends.se\/en\/wp-json\/wp\/v2\/pages\/25253\/revisions"}],"predecessor-version":[{"id":32833,"href":"https:\/\/friends.se\/en\/wp-json\/wp\/v2\/pages\/25253\/revisions\/32833"}],"up":[{"embeddable":true,"href":"https:\/\/friends.se\/en\/wp-json\/wp\/v2\/pages\/25251"}],"wp:featuredmedia":[{"embeddable":true,"href":"https:\/\/friends.se\/en\/wp-json\/wp\/v2\/media\/15608"}],"wp:attachment":[{"href":"https:\/\/friends.se\/en\/wp-json\/wp\/v2\/media?parent=25253"}],"wp:term":[{"taxonomy":"category","embeddable":true,"href":"https:\/\/friends.se\/en\/wp-json\/wp\/v2\/categories?post=25253"},{"taxonomy":"post_tag","embeddable":true,"href":"https:\/\/friends.se\/en\/wp-json\/wp\/v2\/tags?post=25253"},{"taxonomy":"simple-restrict-permission","embeddable":true,"href":"https:\/\/friends.se\/en\/wp-json\/wp\/v2\/simple-restrict-permission?post=25253"}],"curies":[{"name":"wp","href":"https:\/\/api.w.org\/{rel}","templated":true}]}}