{"id":25114,"date":"2024-04-02T14:41:29","date_gmt":"2024-04-02T12:41:29","guid":{"rendered":"https:\/\/friends.se\/?page_id=25114"},"modified":"2026-02-10T11:28:23","modified_gmt":"2026-02-10T10:28:23","slug":"att-tanka-pa-nar-ditt-barn-ar-pa-natet","status":"publish","type":"page","link":"https:\/\/friends.se\/en\/kunskapsbanken\/foralder\/mitt-barn-ar-utsatt-pa-natet\/att-tanka-pa-nar-ditt-barn-ar-pa-natet\/","title":{"rendered":"Att t\u00e4nka p\u00e5 n\u00e4r ditt barn \u00e4r p\u00e5 n\u00e4tet"},"content":{"rendered":"","protected":false},"excerpt":{"rendered":"<p>Som vuxen \u00e4r det viktigt att prata med ditt barn om n\u00e4tet. Ber\u00e4tta om lagar och regler p\u00e5 n\u00e4tet och respektera ditt barns r\u00e4tt till integritet.<\/p>\n","protected":false},"author":3,"featured_media":25225,"parent":25091,"menu_order":0,"comment_status":"closed","ping_status":"closed","template":"","meta":{"_acf_changed":false,"_helpful_status":1,"_relevanssi_hide_post":"","_relevanssi_hide_content":"","_relevanssi_pin_for_all":"","_relevanssi_pin_keywords":"","_relevanssi_unpin_keywords":"","_relevanssi_related_keywords":"","_relevanssi_related_include_ids":"","_relevanssi_related_exclude_ids":"","_relevanssi_related_no_append":"","_relevanssi_related_not_related":"","_relevanssi_related_posts":"","_relevanssi_noindex_reason":"","footnotes":""},"categories":[203],"tags":[64],"simple-restrict-permission":[],"class_list":["post-25114","page","type-page","status-publish","has-post-thumbnail","hentry","category-foraldrar-och-narstaende-en","tag-natmobbning"],"acf":[],"_links":{"self":[{"href":"https:\/\/friends.se\/en\/wp-json\/wp\/v2\/pages\/25114","targetHints":{"allow":["GET"]}}],"collection":[{"href":"https:\/\/friends.se\/en\/wp-json\/wp\/v2\/pages"}],"about":[{"href":"https:\/\/friends.se\/en\/wp-json\/wp\/v2\/types\/page"}],"author":[{"embeddable":true,"href":"https:\/\/friends.se\/en\/wp-json\/wp\/v2\/users\/3"}],"replies":[{"embeddable":true,"href":"https:\/\/friends.se\/en\/wp-json\/wp\/v2\/comments?post=25114"}],"version-history":[{"count":5,"href":"https:\/\/friends.se\/en\/wp-json\/wp\/v2\/pages\/25114\/revisions"}],"predecessor-version":[{"id":32855,"href":"https:\/\/friends.se\/en\/wp-json\/wp\/v2\/pages\/25114\/revisions\/32855"}],"up":[{"embeddable":true,"href":"https:\/\/friends.se\/en\/wp-json\/wp\/v2\/pages\/25091"}],"wp:featuredmedia":[{"embeddable":true,"href":"https:\/\/friends.se\/en\/wp-json\/wp\/v2\/media\/25225"}],"wp:attachment":[{"href":"https:\/\/friends.se\/en\/wp-json\/wp\/v2\/media?parent=25114"}],"wp:term":[{"taxonomy":"category","embeddable":true,"href":"https:\/\/friends.se\/en\/wp-json\/wp\/v2\/categories?post=25114"},{"taxonomy":"post_tag","embeddable":true,"href":"https:\/\/friends.se\/en\/wp-json\/wp\/v2\/tags?post=25114"},{"taxonomy":"simple-restrict-permission","embeddable":true,"href":"https:\/\/friends.se\/en\/wp-json\/wp\/v2\/simple-restrict-permission?post=25114"}],"curies":[{"name":"wp","href":"https:\/\/api.w.org\/{rel}","templated":true}]}}