{"id":25105,"date":"2024-03-21T15:24:40","date_gmt":"2024-03-21T14:24:40","guid":{"rendered":"https:\/\/friends.se\/?page_id=25105"},"modified":"2026-02-10T11:09:14","modified_gmt":"2026-02-10T10:09:14","slug":"vad-ar-olagligt-pa-natet","status":"publish","type":"page","link":"https:\/\/friends.se\/en\/kunskapsbanken\/foralder\/mitt-barn-ar-utsatt-pa-natet\/vad-ar-olagligt-pa-natet\/","title":{"rendered":"Vad \u00e4r olagligt p\u00e5 n\u00e4tet?"},"content":{"rendered":"","protected":false},"excerpt":{"rendered":"<p>Det som \u00e4r olagligt utanf\u00f6r n\u00e4tet \u00e4r oftast \u00e4ven olagligt p\u00e5 n\u00e4tet. Om ett brott sker p\u00e5 n\u00e4tet, i sociala medier i onlinespel b\u00f6r det polisanm\u00e4las.<\/p>\n","protected":false},"author":3,"featured_media":11788,"parent":25091,"menu_order":0,"comment_status":"closed","ping_status":"closed","template":"","meta":{"_acf_changed":false,"_helpful_status":1,"_relevanssi_hide_post":"","_relevanssi_hide_content":"","_relevanssi_pin_for_all":"","_relevanssi_pin_keywords":"","_relevanssi_unpin_keywords":"","_relevanssi_related_keywords":"","_relevanssi_related_include_ids":"","_relevanssi_related_exclude_ids":"","_relevanssi_related_no_append":"","_relevanssi_related_not_related":"","_relevanssi_related_posts":"","_relevanssi_noindex_reason":"","footnotes":""},"categories":[203],"tags":[64],"simple-restrict-permission":[],"class_list":["post-25105","page","type-page","status-publish","has-post-thumbnail","hentry","category-foraldrar-och-narstaende-en","tag-natmobbning"],"acf":[],"_links":{"self":[{"href":"https:\/\/friends.se\/en\/wp-json\/wp\/v2\/pages\/25105","targetHints":{"allow":["GET"]}}],"collection":[{"href":"https:\/\/friends.se\/en\/wp-json\/wp\/v2\/pages"}],"about":[{"href":"https:\/\/friends.se\/en\/wp-json\/wp\/v2\/types\/page"}],"author":[{"embeddable":true,"href":"https:\/\/friends.se\/en\/wp-json\/wp\/v2\/users\/3"}],"replies":[{"embeddable":true,"href":"https:\/\/friends.se\/en\/wp-json\/wp\/v2\/comments?post=25105"}],"version-history":[{"count":11,"href":"https:\/\/friends.se\/en\/wp-json\/wp\/v2\/pages\/25105\/revisions"}],"predecessor-version":[{"id":32849,"href":"https:\/\/friends.se\/en\/wp-json\/wp\/v2\/pages\/25105\/revisions\/32849"}],"up":[{"embeddable":true,"href":"https:\/\/friends.se\/en\/wp-json\/wp\/v2\/pages\/25091"}],"wp:featuredmedia":[{"embeddable":true,"href":"https:\/\/friends.se\/en\/wp-json\/wp\/v2\/media\/11788"}],"wp:attachment":[{"href":"https:\/\/friends.se\/en\/wp-json\/wp\/v2\/media?parent=25105"}],"wp:term":[{"taxonomy":"category","embeddable":true,"href":"https:\/\/friends.se\/en\/wp-json\/wp\/v2\/categories?post=25105"},{"taxonomy":"post_tag","embeddable":true,"href":"https:\/\/friends.se\/en\/wp-json\/wp\/v2\/tags?post=25105"},{"taxonomy":"simple-restrict-permission","embeddable":true,"href":"https:\/\/friends.se\/en\/wp-json\/wp\/v2\/simple-restrict-permission?post=25105"}],"curies":[{"name":"wp","href":"https:\/\/api.w.org\/{rel}","templated":true}]}}