{"id":25094,"date":"2024-03-21T11:56:50","date_gmt":"2024-03-21T10:56:50","guid":{"rendered":"https:\/\/friends.se\/?page_id=25094"},"modified":"2026-02-10T11:27:05","modified_gmt":"2026-02-10T10:27:05","slug":"lar-dig-mer-om-natmobbning","status":"publish","type":"page","link":"https:\/\/friends.se\/en\/kunskapsbanken\/foralder\/mitt-barn-ar-utsatt-pa-natet\/lar-dig-mer-om-natmobbning\/","title":{"rendered":"L\u00e4r dig mer om n\u00e4tmobbning"},"content":{"rendered":"","protected":false},"excerpt":{"rendered":"<p>N\u00e4tmobbning \u00e4r n\u00e4r n\u00e5gon blir utsatt p\u00e5 n\u00e4tet, sociala medier eller i onlinespel. N\u00e4that kan vara kr\u00e4nkningar, hot, trakasserier och mobbning.<\/p>\n","protected":false},"author":3,"featured_media":8719,"parent":25091,"menu_order":0,"comment_status":"closed","ping_status":"closed","template":"","meta":{"_acf_changed":false,"_helpful_status":1,"_relevanssi_hide_post":"","_relevanssi_hide_content":"","_relevanssi_pin_for_all":"","_relevanssi_pin_keywords":"","_relevanssi_unpin_keywords":"","_relevanssi_related_keywords":"","_relevanssi_related_include_ids":"","_relevanssi_related_exclude_ids":"","_relevanssi_related_no_append":"","_relevanssi_related_not_related":"","_relevanssi_related_posts":"","_relevanssi_noindex_reason":"","footnotes":""},"categories":[58],"tags":[64],"simple-restrict-permission":[],"class_list":["post-25094","page","type-page","status-publish","has-post-thumbnail","hentry","category-foraldrar-och-narstaende","tag-natmobbning"],"acf":[],"_links":{"self":[{"href":"https:\/\/friends.se\/en\/wp-json\/wp\/v2\/pages\/25094","targetHints":{"allow":["GET"]}}],"collection":[{"href":"https:\/\/friends.se\/en\/wp-json\/wp\/v2\/pages"}],"about":[{"href":"https:\/\/friends.se\/en\/wp-json\/wp\/v2\/types\/page"}],"author":[{"embeddable":true,"href":"https:\/\/friends.se\/en\/wp-json\/wp\/v2\/users\/3"}],"replies":[{"embeddable":true,"href":"https:\/\/friends.se\/en\/wp-json\/wp\/v2\/comments?post=25094"}],"version-history":[{"count":14,"href":"https:\/\/friends.se\/en\/wp-json\/wp\/v2\/pages\/25094\/revisions"}],"predecessor-version":[{"id":32854,"href":"https:\/\/friends.se\/en\/wp-json\/wp\/v2\/pages\/25094\/revisions\/32854"}],"up":[{"embeddable":true,"href":"https:\/\/friends.se\/en\/wp-json\/wp\/v2\/pages\/25091"}],"wp:featuredmedia":[{"embeddable":true,"href":"https:\/\/friends.se\/en\/wp-json\/wp\/v2\/media\/8719"}],"wp:attachment":[{"href":"https:\/\/friends.se\/en\/wp-json\/wp\/v2\/media?parent=25094"}],"wp:term":[{"taxonomy":"category","embeddable":true,"href":"https:\/\/friends.se\/en\/wp-json\/wp\/v2\/categories?post=25094"},{"taxonomy":"post_tag","embeddable":true,"href":"https:\/\/friends.se\/en\/wp-json\/wp\/v2\/tags?post=25094"},{"taxonomy":"simple-restrict-permission","embeddable":true,"href":"https:\/\/friends.se\/en\/wp-json\/wp\/v2\/simple-restrict-permission?post=25094"}],"curies":[{"name":"wp","href":"https:\/\/api.w.org\/{rel}","templated":true}]}}