{"id":25091,"date":"2024-03-21T11:42:51","date_gmt":"2024-03-21T10:42:51","guid":{"rendered":"https:\/\/friends.se\/?page_id=25091"},"modified":"2026-02-10T11:31:09","modified_gmt":"2026-02-10T10:31:09","slug":"mitt-barn-ar-utsatt-pa-natet","status":"publish","type":"page","link":"https:\/\/friends.se\/en\/kunskapsbanken\/foralder\/mitt-barn-ar-utsatt-pa-natet\/","title":{"rendered":"Mitt barn \u00e4r utsatt p\u00e5 n\u00e4tet"},"content":{"rendered":"","protected":false},"excerpt":{"rendered":"<p>L\u00e4s om n\u00e4tmobbning, vad som \u00e4r olagligt p\u00e5 n\u00e4tet. F\u00e5 tips p\u00e5 hur du kan prata med ditt barn.<\/p>\n","protected":false},"author":3,"featured_media":0,"parent":11203,"menu_order":0,"comment_status":"closed","ping_status":"closed","template":"","meta":{"_acf_changed":false,"_helpful_status":1,"_relevanssi_hide_post":"","_relevanssi_hide_content":"","_relevanssi_pin_for_all":"","_relevanssi_pin_keywords":"","_relevanssi_unpin_keywords":"","_relevanssi_related_keywords":"","_relevanssi_related_include_ids":"","_relevanssi_related_exclude_ids":"","_relevanssi_related_no_append":"","_relevanssi_related_not_related":"","_relevanssi_related_posts":"","_relevanssi_noindex_reason":"","footnotes":""},"categories":[58],"tags":[64],"simple-restrict-permission":[],"class_list":["post-25091","page","type-page","status-publish","hentry","category-foraldrar-och-narstaende","tag-natmobbning"],"acf":[],"_links":{"self":[{"href":"https:\/\/friends.se\/en\/wp-json\/wp\/v2\/pages\/25091","targetHints":{"allow":["GET"]}}],"collection":[{"href":"https:\/\/friends.se\/en\/wp-json\/wp\/v2\/pages"}],"about":[{"href":"https:\/\/friends.se\/en\/wp-json\/wp\/v2\/types\/page"}],"author":[{"embeddable":true,"href":"https:\/\/friends.se\/en\/wp-json\/wp\/v2\/users\/3"}],"replies":[{"embeddable":true,"href":"https:\/\/friends.se\/en\/wp-json\/wp\/v2\/comments?post=25091"}],"version-history":[{"count":10,"href":"https:\/\/friends.se\/en\/wp-json\/wp\/v2\/pages\/25091\/revisions"}],"predecessor-version":[{"id":32856,"href":"https:\/\/friends.se\/en\/wp-json\/wp\/v2\/pages\/25091\/revisions\/32856"}],"up":[{"embeddable":true,"href":"https:\/\/friends.se\/en\/wp-json\/wp\/v2\/pages\/11203"}],"wp:attachment":[{"href":"https:\/\/friends.se\/en\/wp-json\/wp\/v2\/media?parent=25091"}],"wp:term":[{"taxonomy":"category","embeddable":true,"href":"https:\/\/friends.se\/en\/wp-json\/wp\/v2\/categories?post=25091"},{"taxonomy":"post_tag","embeddable":true,"href":"https:\/\/friends.se\/en\/wp-json\/wp\/v2\/tags?post=25091"},{"taxonomy":"simple-restrict-permission","embeddable":true,"href":"https:\/\/friends.se\/en\/wp-json\/wp\/v2\/simple-restrict-permission?post=25091"}],"curies":[{"name":"wp","href":"https:\/\/api.w.org\/{rel}","templated":true}]}}