{"id":24910,"date":"2024-03-15T13:39:42","date_gmt":"2024-03-15T12:39:42","guid":{"rendered":"https:\/\/friends.se\/?page_id=24910"},"modified":"2026-02-10T10:26:46","modified_gmt":"2026-02-10T09:26:46","slug":"trana-ditt-barns-empati","status":"publish","type":"page","link":"https:\/\/friends.se\/en\/kunskapsbanken\/foralder\/mitt-barn-utsatter-andra-for-mobbning\/trana-ditt-barns-empati\/","title":{"rendered":"Tr\u00e4na ditt barns empati"},"content":{"rendered":"","protected":false},"excerpt":{"rendered":"<p>M\u00e5nga barn beh\u00f6ver tr\u00e4na p\u00e5 empati. Att tr\u00e4na ditt barns empati kan hj\u00e4lpa barnet att bryta negativa m\u00f6nster.<\/p>\n","protected":false},"author":3,"featured_media":24923,"parent":11347,"menu_order":0,"comment_status":"closed","ping_status":"closed","template":"","meta":{"_acf_changed":false,"_helpful_status":1,"_relevanssi_hide_post":"","_relevanssi_hide_content":"","_relevanssi_pin_for_all":"","_relevanssi_pin_keywords":"","_relevanssi_unpin_keywords":"","_relevanssi_related_keywords":"","_relevanssi_related_include_ids":"","_relevanssi_related_exclude_ids":"","_relevanssi_related_no_append":"","_relevanssi_related_not_related":"","_relevanssi_related_posts":"","_relevanssi_noindex_reason":"","footnotes":""},"categories":[203],"tags":[],"simple-restrict-permission":[],"class_list":["post-24910","page","type-page","status-publish","has-post-thumbnail","hentry","category-foraldrar-och-narstaende-en"],"acf":[],"_links":{"self":[{"href":"https:\/\/friends.se\/en\/wp-json\/wp\/v2\/pages\/24910","targetHints":{"allow":["GET"]}}],"collection":[{"href":"https:\/\/friends.se\/en\/wp-json\/wp\/v2\/pages"}],"about":[{"href":"https:\/\/friends.se\/en\/wp-json\/wp\/v2\/types\/page"}],"author":[{"embeddable":true,"href":"https:\/\/friends.se\/en\/wp-json\/wp\/v2\/users\/3"}],"replies":[{"embeddable":true,"href":"https:\/\/friends.se\/en\/wp-json\/wp\/v2\/comments?post=24910"}],"version-history":[{"count":5,"href":"https:\/\/friends.se\/en\/wp-json\/wp\/v2\/pages\/24910\/revisions"}],"predecessor-version":[{"id":32839,"href":"https:\/\/friends.se\/en\/wp-json\/wp\/v2\/pages\/24910\/revisions\/32839"}],"up":[{"embeddable":true,"href":"https:\/\/friends.se\/en\/wp-json\/wp\/v2\/pages\/11347"}],"wp:featuredmedia":[{"embeddable":true,"href":"https:\/\/friends.se\/en\/wp-json\/wp\/v2\/media\/24923"}],"wp:attachment":[{"href":"https:\/\/friends.se\/en\/wp-json\/wp\/v2\/media?parent=24910"}],"wp:term":[{"taxonomy":"category","embeddable":true,"href":"https:\/\/friends.se\/en\/wp-json\/wp\/v2\/categories?post=24910"},{"taxonomy":"post_tag","embeddable":true,"href":"https:\/\/friends.se\/en\/wp-json\/wp\/v2\/tags?post=24910"},{"taxonomy":"simple-restrict-permission","embeddable":true,"href":"https:\/\/friends.se\/en\/wp-json\/wp\/v2\/simple-restrict-permission?post=24910"}],"curies":[{"name":"wp","href":"https:\/\/api.w.org\/{rel}","templated":true}]}}