{"id":24896,"date":"2024-03-15T13:41:47","date_gmt":"2024-03-15T12:41:47","guid":{"rendered":"https:\/\/friends.se\/?page_id=24896"},"modified":"2026-02-10T10:27:50","modified_gmt":"2026-02-10T09:27:50","slug":"tips-nar-ditt-barn-utsatter-andra-for-mobbning","status":"publish","type":"page","link":"https:\/\/friends.se\/en\/kunskapsbanken\/foralder\/mitt-barn-utsatter-andra-for-mobbning\/tips-nar-ditt-barn-utsatter-andra-for-mobbning\/","title":{"rendered":"Tips n\u00e4r ditt barn uts\u00e4tter andra f\u00f6r mobbning"},"content":{"rendered":"","protected":false},"excerpt":{"rendered":"<p>Om ditt barn mobbar andra beh\u00f6ver du agera genom att hj\u00e4lpa ditt barn bryta negativa m\u00f6nster. Prata om hur det \u00e4r i skolan eller idrottsf\u00f6reningen.<\/p>\n","protected":false},"author":3,"featured_media":24903,"parent":11347,"menu_order":0,"comment_status":"closed","ping_status":"closed","template":"","meta":{"_acf_changed":false,"_helpful_status":1,"_relevanssi_hide_post":"","_relevanssi_hide_content":"","_relevanssi_pin_for_all":"","_relevanssi_pin_keywords":"","_relevanssi_unpin_keywords":"","_relevanssi_related_keywords":"","_relevanssi_related_include_ids":"","_relevanssi_related_exclude_ids":"","_relevanssi_related_no_append":"","_relevanssi_related_not_related":"","_relevanssi_related_posts":"","_relevanssi_noindex_reason":"","footnotes":""},"categories":[203],"tags":[],"simple-restrict-permission":[],"class_list":["post-24896","page","type-page","status-publish","has-post-thumbnail","hentry","category-foraldrar-och-narstaende-en"],"acf":[],"_links":{"self":[{"href":"https:\/\/friends.se\/en\/wp-json\/wp\/v2\/pages\/24896","targetHints":{"allow":["GET"]}}],"collection":[{"href":"https:\/\/friends.se\/en\/wp-json\/wp\/v2\/pages"}],"about":[{"href":"https:\/\/friends.se\/en\/wp-json\/wp\/v2\/types\/page"}],"author":[{"embeddable":true,"href":"https:\/\/friends.se\/en\/wp-json\/wp\/v2\/users\/3"}],"replies":[{"embeddable":true,"href":"https:\/\/friends.se\/en\/wp-json\/wp\/v2\/comments?post=24896"}],"version-history":[{"count":8,"href":"https:\/\/friends.se\/en\/wp-json\/wp\/v2\/pages\/24896\/revisions"}],"predecessor-version":[{"id":32840,"href":"https:\/\/friends.se\/en\/wp-json\/wp\/v2\/pages\/24896\/revisions\/32840"}],"up":[{"embeddable":true,"href":"https:\/\/friends.se\/en\/wp-json\/wp\/v2\/pages\/11347"}],"wp:featuredmedia":[{"embeddable":true,"href":"https:\/\/friends.se\/en\/wp-json\/wp\/v2\/media\/24903"}],"wp:attachment":[{"href":"https:\/\/friends.se\/en\/wp-json\/wp\/v2\/media?parent=24896"}],"wp:term":[{"taxonomy":"category","embeddable":true,"href":"https:\/\/friends.se\/en\/wp-json\/wp\/v2\/categories?post=24896"},{"taxonomy":"post_tag","embeddable":true,"href":"https:\/\/friends.se\/en\/wp-json\/wp\/v2\/tags?post=24896"},{"taxonomy":"simple-restrict-permission","embeddable":true,"href":"https:\/\/friends.se\/en\/wp-json\/wp\/v2\/simple-restrict-permission?post=24896"}],"curies":[{"name":"wp","href":"https:\/\/api.w.org\/{rel}","templated":true}]}}