{"id":23149,"date":"2023-11-20T14:24:54","date_gmt":"2023-11-20T13:24:54","guid":{"rendered":"https:\/\/friends.se\/?page_id=23149"},"modified":"2026-04-17T15:57:47","modified_gmt":"2026-04-17T13:57:47","slug":"pantamera","status":"publish","type":"page","link":"https:\/\/friends.se\/en\/pantamera\/","title":{"rendered":"Panta f\u00f6r en friendligare v\u00e4rld"},"content":{"rendered":"","protected":false},"excerpt":{"rendered":"<p>Samla in burkar och flaskor och l\u00e5t panten g\u00e5 till Friends. Ni f\u00e5r gratis specialk\u00e4rl som passar i lunchrummet, festivalen eller tr\u00e4ningsanl\u00e4ggningen.<\/p>\n","protected":false},"author":3,"featured_media":3134,"parent":0,"menu_order":0,"comment_status":"closed","ping_status":"closed","template":"","meta":{"_acf_changed":false,"_helpful_status":1,"_relevanssi_hide_post":"","_relevanssi_hide_content":"","_relevanssi_pin_for_all":"","_relevanssi_pin_keywords":"","_relevanssi_unpin_keywords":"","_relevanssi_related_keywords":"","_relevanssi_related_include_ids":"","_relevanssi_related_exclude_ids":"","_relevanssi_related_no_append":"","_relevanssi_related_not_related":"","_relevanssi_related_posts":"","_relevanssi_noindex_reason":"","footnotes":""},"categories":[110],"tags":[],"simple-restrict-permission":[],"class_list":["post-23149","page","type-page","status-publish","has-post-thumbnail","hentry","category-for-foretag"],"acf":[],"_links":{"self":[{"href":"https:\/\/friends.se\/en\/wp-json\/wp\/v2\/pages\/23149","targetHints":{"allow":["GET"]}}],"collection":[{"href":"https:\/\/friends.se\/en\/wp-json\/wp\/v2\/pages"}],"about":[{"href":"https:\/\/friends.se\/en\/wp-json\/wp\/v2\/types\/page"}],"author":[{"embeddable":true,"href":"https:\/\/friends.se\/en\/wp-json\/wp\/v2\/users\/3"}],"replies":[{"embeddable":true,"href":"https:\/\/friends.se\/en\/wp-json\/wp\/v2\/comments?post=23149"}],"version-history":[{"count":12,"href":"https:\/\/friends.se\/en\/wp-json\/wp\/v2\/pages\/23149\/revisions"}],"predecessor-version":[{"id":33461,"href":"https:\/\/friends.se\/en\/wp-json\/wp\/v2\/pages\/23149\/revisions\/33461"}],"wp:featuredmedia":[{"embeddable":true,"href":"https:\/\/friends.se\/en\/wp-json\/wp\/v2\/media\/3134"}],"wp:attachment":[{"href":"https:\/\/friends.se\/en\/wp-json\/wp\/v2\/media?parent=23149"}],"wp:term":[{"taxonomy":"category","embeddable":true,"href":"https:\/\/friends.se\/en\/wp-json\/wp\/v2\/categories?post=23149"},{"taxonomy":"post_tag","embeddable":true,"href":"https:\/\/friends.se\/en\/wp-json\/wp\/v2\/tags?post=23149"},{"taxonomy":"simple-restrict-permission","embeddable":true,"href":"https:\/\/friends.se\/en\/wp-json\/wp\/v2\/simple-restrict-permission?post=23149"}],"curies":[{"name":"wp","href":"https:\/\/api.w.org\/{rel}","templated":true}]}}