{"id":2280,"date":"2019-01-29T22:20:04","date_gmt":"2019-01-29T21:20:04","guid":{"rendered":"https:\/\/friends.se\/?page_id=2280"},"modified":"2026-02-16T15:35:41","modified_gmt":"2026-02-16T14:35:41","slug":"bli-foretagsvan","status":"publish","type":"page","link":"https:\/\/friends.se\/en\/bli-foretagsvan\/","title":{"rendered":"Bli f\u00f6retagsv\u00e4n"},"content":{"rendered":"","protected":false},"excerpt":{"rendered":"<p>G\u00e5 in med en fast summa och f\u00e5 ett digitalt kommunikationspaket som hj\u00e4lper er att ber\u00e4tta om ert engagemang.<\/p>\n","protected":false},"author":3,"featured_media":32784,"parent":0,"menu_order":0,"comment_status":"closed","ping_status":"closed","template":"","meta":{"_acf_changed":false,"_helpful_status":1,"_relevanssi_hide_post":"","_relevanssi_hide_content":"","_relevanssi_pin_for_all":"","_relevanssi_pin_keywords":"","_relevanssi_unpin_keywords":"","_relevanssi_related_keywords":"","_relevanssi_related_include_ids":"","_relevanssi_related_exclude_ids":"","_relevanssi_related_no_append":"","_relevanssi_related_not_related":"","_relevanssi_related_posts":"","_relevanssi_noindex_reason":"","footnotes":""},"categories":[110],"tags":[],"simple-restrict-permission":[],"class_list":["post-2280","page","type-page","status-publish","has-post-thumbnail","hentry","category-for-foretag"],"acf":[],"_links":{"self":[{"href":"https:\/\/friends.se\/en\/wp-json\/wp\/v2\/pages\/2280","targetHints":{"allow":["GET"]}}],"collection":[{"href":"https:\/\/friends.se\/en\/wp-json\/wp\/v2\/pages"}],"about":[{"href":"https:\/\/friends.se\/en\/wp-json\/wp\/v2\/types\/page"}],"author":[{"embeddable":true,"href":"https:\/\/friends.se\/en\/wp-json\/wp\/v2\/users\/3"}],"replies":[{"embeddable":true,"href":"https:\/\/friends.se\/en\/wp-json\/wp\/v2\/comments?post=2280"}],"version-history":[{"count":15,"href":"https:\/\/friends.se\/en\/wp-json\/wp\/v2\/pages\/2280\/revisions"}],"predecessor-version":[{"id":32788,"href":"https:\/\/friends.se\/en\/wp-json\/wp\/v2\/pages\/2280\/revisions\/32788"}],"wp:featuredmedia":[{"embeddable":true,"href":"https:\/\/friends.se\/en\/wp-json\/wp\/v2\/media\/32784"}],"wp:attachment":[{"href":"https:\/\/friends.se\/en\/wp-json\/wp\/v2\/media?parent=2280"}],"wp:term":[{"taxonomy":"category","embeddable":true,"href":"https:\/\/friends.se\/en\/wp-json\/wp\/v2\/categories?post=2280"},{"taxonomy":"post_tag","embeddable":true,"href":"https:\/\/friends.se\/en\/wp-json\/wp\/v2\/tags?post=2280"},{"taxonomy":"simple-restrict-permission","embeddable":true,"href":"https:\/\/friends.se\/en\/wp-json\/wp\/v2\/simple-restrict-permission?post=2280"}],"curies":[{"name":"wp","href":"https:\/\/api.w.org\/{rel}","templated":true}]}}