{"id":2256,"date":"2019-01-29T14:26:33","date_gmt":"2019-01-29T13:26:33","guid":{"rendered":"https:\/\/friends.se\/?page_id=2256"},"modified":"2022-09-15T12:56:45","modified_gmt":"2022-09-15T10:56:45","slug":"friends-samarbetspolicy","status":"publish","type":"page","link":"https:\/\/friends.se\/en\/friends-samarbetspolicy\/","title":{"rendered":"Friends samarbetspolicy"},"content":{"rendered":"","protected":false},"excerpt":{"rendered":"<p>Friends samarbetspolicy best\u00e5r av n\u00e5gra riktlinjer som \u00e4r viktiga f\u00f6r oss n\u00e4r vi samarbetar med f\u00f6retag.<\/p>\n","protected":false},"author":3,"featured_media":0,"parent":0,"menu_order":0,"comment_status":"closed","ping_status":"closed","template":"","meta":{"_acf_changed":false,"_helpful_status":1,"_relevanssi_hide_post":"","_relevanssi_hide_content":"","_relevanssi_pin_for_all":"","_relevanssi_pin_keywords":"","_relevanssi_unpin_keywords":"","_relevanssi_related_keywords":"","_relevanssi_related_include_ids":"","_relevanssi_related_exclude_ids":"","_relevanssi_related_no_append":"","_relevanssi_related_not_related":"","_relevanssi_related_posts":"","_relevanssi_noindex_reason":"","footnotes":""},"categories":[110,112],"tags":[],"simple-restrict-permission":[],"class_list":["post-2256","page","type-page","status-publish","hentry","category-for-foretag","category-om-friends"],"acf":[],"_links":{"self":[{"href":"https:\/\/friends.se\/en\/wp-json\/wp\/v2\/pages\/2256","targetHints":{"allow":["GET"]}}],"collection":[{"href":"https:\/\/friends.se\/en\/wp-json\/wp\/v2\/pages"}],"about":[{"href":"https:\/\/friends.se\/en\/wp-json\/wp\/v2\/types\/page"}],"author":[{"embeddable":true,"href":"https:\/\/friends.se\/en\/wp-json\/wp\/v2\/users\/3"}],"replies":[{"embeddable":true,"href":"https:\/\/friends.se\/en\/wp-json\/wp\/v2\/comments?post=2256"}],"version-history":[{"count":10,"href":"https:\/\/friends.se\/en\/wp-json\/wp\/v2\/pages\/2256\/revisions"}],"predecessor-version":[{"id":15948,"href":"https:\/\/friends.se\/en\/wp-json\/wp\/v2\/pages\/2256\/revisions\/15948"}],"wp:attachment":[{"href":"https:\/\/friends.se\/en\/wp-json\/wp\/v2\/media?parent=2256"}],"wp:term":[{"taxonomy":"category","embeddable":true,"href":"https:\/\/friends.se\/en\/wp-json\/wp\/v2\/categories?post=2256"},{"taxonomy":"post_tag","embeddable":true,"href":"https:\/\/friends.se\/en\/wp-json\/wp\/v2\/tags?post=2256"},{"taxonomy":"simple-restrict-permission","embeddable":true,"href":"https:\/\/friends.se\/en\/wp-json\/wp\/v2\/simple-restrict-permission?post=2256"}],"curies":[{"name":"wp","href":"https:\/\/api.w.org\/{rel}","templated":true}]}}