{"id":2181,"date":"2019-01-25T09:09:06","date_gmt":"2019-01-25T08:09:06","guid":{"rendered":"https:\/\/friends.se\/?page_id=2181"},"modified":"2026-04-20T12:03:49","modified_gmt":"2026-04-20T10:03:49","slug":"vara-partners","status":"publish","type":"page","link":"https:\/\/friends.se\/en\/foretag\/vara-partners\/","title":{"rendered":"Friends partners"},"content":{"rendered":"","protected":false},"excerpt":{"rendered":"<p>Vi \u00e4r stolta \u00f6ver alla partners som i olika former st\u00f6djer arbetet med att f\u00f6rebygga och f\u00f6rhindra mobbning bland barn och unga.<\/p>\n","protected":false},"author":3,"featured_media":2827,"parent":23087,"menu_order":0,"comment_status":"closed","ping_status":"closed","template":"","meta":{"_acf_changed":false,"_helpful_status":1,"_relevanssi_hide_post":"","_relevanssi_hide_content":"","_relevanssi_pin_for_all":"","_relevanssi_pin_keywords":"","_relevanssi_unpin_keywords":"","_relevanssi_related_keywords":"","_relevanssi_related_include_ids":"","_relevanssi_related_exclude_ids":"","_relevanssi_related_no_append":"","_relevanssi_related_not_related":"","_relevanssi_related_posts":"","_relevanssi_noindex_reason":"","footnotes":""},"categories":[110],"tags":[],"simple-restrict-permission":[],"class_list":["post-2181","page","type-page","status-publish","has-post-thumbnail","hentry","category-for-foretag"],"acf":[],"_links":{"self":[{"href":"https:\/\/friends.se\/en\/wp-json\/wp\/v2\/pages\/2181","targetHints":{"allow":["GET"]}}],"collection":[{"href":"https:\/\/friends.se\/en\/wp-json\/wp\/v2\/pages"}],"about":[{"href":"https:\/\/friends.se\/en\/wp-json\/wp\/v2\/types\/page"}],"author":[{"embeddable":true,"href":"https:\/\/friends.se\/en\/wp-json\/wp\/v2\/users\/3"}],"replies":[{"embeddable":true,"href":"https:\/\/friends.se\/en\/wp-json\/wp\/v2\/comments?post=2181"}],"version-history":[{"count":24,"href":"https:\/\/friends.se\/en\/wp-json\/wp\/v2\/pages\/2181\/revisions"}],"predecessor-version":[{"id":33498,"href":"https:\/\/friends.se\/en\/wp-json\/wp\/v2\/pages\/2181\/revisions\/33498"}],"up":[{"embeddable":true,"href":"https:\/\/friends.se\/en\/wp-json\/wp\/v2\/pages\/23087"}],"wp:featuredmedia":[{"embeddable":true,"href":"https:\/\/friends.se\/en\/wp-json\/wp\/v2\/media\/2827"}],"wp:attachment":[{"href":"https:\/\/friends.se\/en\/wp-json\/wp\/v2\/media?parent=2181"}],"wp:term":[{"taxonomy":"category","embeddable":true,"href":"https:\/\/friends.se\/en\/wp-json\/wp\/v2\/categories?post=2181"},{"taxonomy":"post_tag","embeddable":true,"href":"https:\/\/friends.se\/en\/wp-json\/wp\/v2\/tags?post=2181"},{"taxonomy":"simple-restrict-permission","embeddable":true,"href":"https:\/\/friends.se\/en\/wp-json\/wp\/v2\/simple-restrict-permission?post=2181"}],"curies":[{"name":"wp","href":"https:\/\/api.w.org\/{rel}","templated":true}]}}