{"id":18871,"date":"2023-03-23T08:32:43","date_gmt":"2023-03-23T07:32:43","guid":{"rendered":"https:\/\/friends.se\/?page_id=18871"},"modified":"2025-06-04T15:13:29","modified_gmt":"2025-06-04T13:13:29","slug":"sexuella-trakasserier-och-samtycke-i-forskolan","status":"publish","type":"page","link":"https:\/\/friends.se\/en\/kunskapsbanken\/forskolepersonal\/sexuella-trakasserier-och-samtycke-i-forskolan\/","title":{"rendered":"Sexuella trakasserier och samtycke i f\u00f6rskolan"},"content":{"rendered":"","protected":false},"excerpt":{"rendered":"<p>F\u00e5 kunskap om hur ni som f\u00f6rskola kan arbeta f\u00f6r att motverka sexuella trakasserier och arbeta fr\u00e4mjande med samtycke.  <\/p>\n","protected":false},"author":3,"featured_media":18673,"parent":17367,"menu_order":0,"comment_status":"closed","ping_status":"closed","template":"","meta":{"_acf_changed":false,"_helpful_status":1,"_relevanssi_hide_post":"","_relevanssi_hide_content":"","_relevanssi_pin_for_all":"","_relevanssi_pin_keywords":"","_relevanssi_unpin_keywords":"","_relevanssi_related_keywords":"","_relevanssi_related_include_ids":"","_relevanssi_related_exclude_ids":"","_relevanssi_related_no_append":"","_relevanssi_related_not_related":"","_relevanssi_related_posts":"","_relevanssi_noindex_reason":"","footnotes":""},"categories":[59],"tags":[66],"simple-restrict-permission":[],"class_list":["post-18871","page","type-page","status-publish","has-post-thumbnail","hentry","category-forskolepersonal","tag-sexuella-trakasserier"],"acf":[],"_links":{"self":[{"href":"https:\/\/friends.se\/en\/wp-json\/wp\/v2\/pages\/18871","targetHints":{"allow":["GET"]}}],"collection":[{"href":"https:\/\/friends.se\/en\/wp-json\/wp\/v2\/pages"}],"about":[{"href":"https:\/\/friends.se\/en\/wp-json\/wp\/v2\/types\/page"}],"author":[{"embeddable":true,"href":"https:\/\/friends.se\/en\/wp-json\/wp\/v2\/users\/3"}],"replies":[{"embeddable":true,"href":"https:\/\/friends.se\/en\/wp-json\/wp\/v2\/comments?post=18871"}],"version-history":[{"count":10,"href":"https:\/\/friends.se\/en\/wp-json\/wp\/v2\/pages\/18871\/revisions"}],"predecessor-version":[{"id":29883,"href":"https:\/\/friends.se\/en\/wp-json\/wp\/v2\/pages\/18871\/revisions\/29883"}],"up":[{"embeddable":true,"href":"https:\/\/friends.se\/en\/wp-json\/wp\/v2\/pages\/17367"}],"wp:featuredmedia":[{"embeddable":true,"href":"https:\/\/friends.se\/en\/wp-json\/wp\/v2\/media\/18673"}],"wp:attachment":[{"href":"https:\/\/friends.se\/en\/wp-json\/wp\/v2\/media?parent=18871"}],"wp:term":[{"taxonomy":"category","embeddable":true,"href":"https:\/\/friends.se\/en\/wp-json\/wp\/v2\/categories?post=18871"},{"taxonomy":"post_tag","embeddable":true,"href":"https:\/\/friends.se\/en\/wp-json\/wp\/v2\/tags?post=18871"},{"taxonomy":"simple-restrict-permission","embeddable":true,"href":"https:\/\/friends.se\/en\/wp-json\/wp\/v2\/simple-restrict-permission?post=18871"}],"curies":[{"name":"wp","href":"https:\/\/api.w.org\/{rel}","templated":true}]}}