{"id":18575,"date":"2023-03-16T20:53:08","date_gmt":"2023-03-16T19:53:08","guid":{"rendered":"https:\/\/friends.se\/?page_id=18575"},"modified":"2026-02-06T13:50:11","modified_gmt":"2026-02-06T12:50:11","slug":"natmobbning-i-skolan","status":"publish","type":"page","link":"https:\/\/friends.se\/en\/kunskapsbanken\/skolpersonal\/natmobbning-i-skolan\/","title":{"rendered":"N\u00e4tmobbning i skolan"},"content":{"rendered":"","protected":false},"excerpt":{"rendered":"<p>Vad inneb\u00e4r mobbning p\u00e5 n\u00e4tet? Se hur ni som skolpersonal kan f\u00f6rebygga n\u00e4tmobbning och kr\u00e4nkningar p\u00e5 n\u00e4tet i skolan.<\/p>\n","protected":false},"author":3,"featured_media":0,"parent":17355,"menu_order":0,"comment_status":"closed","ping_status":"closed","template":"","meta":{"_acf_changed":false,"_helpful_status":1,"_relevanssi_hide_post":"","_relevanssi_hide_content":"","_relevanssi_pin_for_all":"","_relevanssi_pin_keywords":"","_relevanssi_unpin_keywords":"","_relevanssi_related_keywords":"","_relevanssi_related_include_ids":"","_relevanssi_related_exclude_ids":"","_relevanssi_related_no_append":"","_relevanssi_related_not_related":"","_relevanssi_related_posts":"","_relevanssi_noindex_reason":"","footnotes":""},"categories":[60],"tags":[],"simple-restrict-permission":[],"class_list":["post-18575","page","type-page","status-publish","hentry","category-skolpersonal"],"acf":[],"_links":{"self":[{"href":"https:\/\/friends.se\/en\/wp-json\/wp\/v2\/pages\/18575","targetHints":{"allow":["GET"]}}],"collection":[{"href":"https:\/\/friends.se\/en\/wp-json\/wp\/v2\/pages"}],"about":[{"href":"https:\/\/friends.se\/en\/wp-json\/wp\/v2\/types\/page"}],"author":[{"embeddable":true,"href":"https:\/\/friends.se\/en\/wp-json\/wp\/v2\/users\/3"}],"replies":[{"embeddable":true,"href":"https:\/\/friends.se\/en\/wp-json\/wp\/v2\/comments?post=18575"}],"version-history":[{"count":12,"href":"https:\/\/friends.se\/en\/wp-json\/wp\/v2\/pages\/18575\/revisions"}],"predecessor-version":[{"id":32777,"href":"https:\/\/friends.se\/en\/wp-json\/wp\/v2\/pages\/18575\/revisions\/32777"}],"up":[{"embeddable":true,"href":"https:\/\/friends.se\/en\/wp-json\/wp\/v2\/pages\/17355"}],"wp:attachment":[{"href":"https:\/\/friends.se\/en\/wp-json\/wp\/v2\/media?parent=18575"}],"wp:term":[{"taxonomy":"category","embeddable":true,"href":"https:\/\/friends.se\/en\/wp-json\/wp\/v2\/categories?post=18575"},{"taxonomy":"post_tag","embeddable":true,"href":"https:\/\/friends.se\/en\/wp-json\/wp\/v2\/tags?post=18575"},{"taxonomy":"simple-restrict-permission","embeddable":true,"href":"https:\/\/friends.se\/en\/wp-json\/wp\/v2\/simple-restrict-permission?post=18575"}],"curies":[{"name":"wp","href":"https:\/\/api.w.org\/{rel}","templated":true}]}}