{"id":18573,"date":"2023-03-16T20:48:26","date_gmt":"2023-03-16T19:48:26","guid":{"rendered":"https:\/\/friends.se\/?page_id=18573"},"modified":"2026-02-06T08:31:37","modified_gmt":"2026-02-06T07:31:37","slug":"jag-vill-veta-mer-om-krankningar-i-skolan","status":"publish","type":"page","link":"https:\/\/friends.se\/en\/kunskapsbanken\/skolpersonal\/jag-vill-veta-mer-om-krankningar-i-skolan\/","title":{"rendered":"Jag vill veta mer om kr\u00e4nkningar i skolan"},"content":{"rendered":"","protected":false},"excerpt":{"rendered":"<p>Vad \u00e4r en kr\u00e4nkning? F\u00e5 kunskap om olika former av kr\u00e4nkningar och hur de kan ta sig uttryck i skolan.<\/p>\n","protected":false},"author":3,"featured_media":0,"parent":17355,"menu_order":0,"comment_status":"closed","ping_status":"closed","template":"","meta":{"_acf_changed":false,"_helpful_status":1,"_relevanssi_hide_post":"","_relevanssi_hide_content":"","_relevanssi_pin_for_all":"","_relevanssi_pin_keywords":"","_relevanssi_unpin_keywords":"","_relevanssi_related_keywords":"","_relevanssi_related_include_ids":"","_relevanssi_related_exclude_ids":"","_relevanssi_related_no_append":"","_relevanssi_related_not_related":"","_relevanssi_related_posts":"","_relevanssi_noindex_reason":"","footnotes":""},"categories":[60],"tags":[],"simple-restrict-permission":[],"class_list":["post-18573","page","type-page","status-publish","hentry","category-skolpersonal"],"acf":[],"_links":{"self":[{"href":"https:\/\/friends.se\/en\/wp-json\/wp\/v2\/pages\/18573","targetHints":{"allow":["GET"]}}],"collection":[{"href":"https:\/\/friends.se\/en\/wp-json\/wp\/v2\/pages"}],"about":[{"href":"https:\/\/friends.se\/en\/wp-json\/wp\/v2\/types\/page"}],"author":[{"embeddable":true,"href":"https:\/\/friends.se\/en\/wp-json\/wp\/v2\/users\/3"}],"replies":[{"embeddable":true,"href":"https:\/\/friends.se\/en\/wp-json\/wp\/v2\/comments?post=18573"}],"version-history":[{"count":11,"href":"https:\/\/friends.se\/en\/wp-json\/wp\/v2\/pages\/18573\/revisions"}],"predecessor-version":[{"id":32773,"href":"https:\/\/friends.se\/en\/wp-json\/wp\/v2\/pages\/18573\/revisions\/32773"}],"up":[{"embeddable":true,"href":"https:\/\/friends.se\/en\/wp-json\/wp\/v2\/pages\/17355"}],"wp:attachment":[{"href":"https:\/\/friends.se\/en\/wp-json\/wp\/v2\/media?parent=18573"}],"wp:term":[{"taxonomy":"category","embeddable":true,"href":"https:\/\/friends.se\/en\/wp-json\/wp\/v2\/categories?post=18573"},{"taxonomy":"post_tag","embeddable":true,"href":"https:\/\/friends.se\/en\/wp-json\/wp\/v2\/tags?post=18573"},{"taxonomy":"simple-restrict-permission","embeddable":true,"href":"https:\/\/friends.se\/en\/wp-json\/wp\/v2\/simple-restrict-permission?post=18573"}],"curies":[{"name":"wp","href":"https:\/\/api.w.org\/{rel}","templated":true}]}}