{"id":18467,"date":"2023-03-10T11:48:57","date_gmt":"2023-03-10T10:48:57","guid":{"rendered":"https:\/\/friends.se\/?page_id=18467"},"modified":"2026-02-20T16:10:12","modified_gmt":"2026-02-20T15:10:12","slug":"arbeta-framjande-och-forebyggande-i-forskolan","status":"publish","type":"page","link":"https:\/\/friends.se\/en\/kunskapsbanken\/forskolepersonal\/arbeta-framjande-och-forebyggande-i-forskolan\/","title":{"rendered":"Arbeta fr\u00e4mjande och f\u00f6rebyggande i f\u00f6rskolan"},"content":{"rendered":"","protected":false},"excerpt":{"rendered":"<p>Forskning visar att mobbningsbeteenden f\u00f6rekommer redan i f\u00f6rskole\u00e5ldern. Det \u00e4r d\u00e4rf\u00f6r viktigt att det fr\u00e4mjande och f\u00f6rebyggande arbetet startar i f\u00f6rskolan. <\/p>\n","protected":false},"author":3,"featured_media":0,"parent":17367,"menu_order":0,"comment_status":"closed","ping_status":"closed","template":"","meta":{"_acf_changed":false,"_helpful_status":1,"_relevanssi_hide_post":"","_relevanssi_hide_content":"","_relevanssi_pin_for_all":"","_relevanssi_pin_keywords":"","_relevanssi_unpin_keywords":"","_relevanssi_related_keywords":"","_relevanssi_related_include_ids":"","_relevanssi_related_exclude_ids":"","_relevanssi_related_no_append":"","_relevanssi_related_not_related":"","_relevanssi_related_posts":"","_relevanssi_noindex_reason":"","footnotes":""},"categories":[59],"tags":[],"simple-restrict-permission":[],"class_list":["post-18467","page","type-page","status-publish","hentry","category-forskolepersonal"],"acf":[],"_links":{"self":[{"href":"https:\/\/friends.se\/en\/wp-json\/wp\/v2\/pages\/18467","targetHints":{"allow":["GET"]}}],"collection":[{"href":"https:\/\/friends.se\/en\/wp-json\/wp\/v2\/pages"}],"about":[{"href":"https:\/\/friends.se\/en\/wp-json\/wp\/v2\/types\/page"}],"author":[{"embeddable":true,"href":"https:\/\/friends.se\/en\/wp-json\/wp\/v2\/users\/3"}],"replies":[{"embeddable":true,"href":"https:\/\/friends.se\/en\/wp-json\/wp\/v2\/comments?post=18467"}],"version-history":[{"count":12,"href":"https:\/\/friends.se\/en\/wp-json\/wp\/v2\/pages\/18467\/revisions"}],"predecessor-version":[{"id":33061,"href":"https:\/\/friends.se\/en\/wp-json\/wp\/v2\/pages\/18467\/revisions\/33061"}],"up":[{"embeddable":true,"href":"https:\/\/friends.se\/en\/wp-json\/wp\/v2\/pages\/17367"}],"wp:attachment":[{"href":"https:\/\/friends.se\/en\/wp-json\/wp\/v2\/media?parent=18467"}],"wp:term":[{"taxonomy":"category","embeddable":true,"href":"https:\/\/friends.se\/en\/wp-json\/wp\/v2\/categories?post=18467"},{"taxonomy":"post_tag","embeddable":true,"href":"https:\/\/friends.se\/en\/wp-json\/wp\/v2\/tags?post=18467"},{"taxonomy":"simple-restrict-permission","embeddable":true,"href":"https:\/\/friends.se\/en\/wp-json\/wp\/v2\/simple-restrict-permission?post=18467"}],"curies":[{"name":"wp","href":"https:\/\/api.w.org\/{rel}","templated":true}]}}