{"id":18405,"date":"2023-03-09T09:53:27","date_gmt":"2023-03-09T08:53:27","guid":{"rendered":"https:\/\/friends.se\/?page_id=18405"},"modified":"2026-02-20T16:04:46","modified_gmt":"2026-02-20T15:04:46","slug":"forskolans-ansvar-vid-krankningar-och-mobbning","status":"publish","type":"page","link":"https:\/\/friends.se\/en\/kunskapsbanken\/forskolepersonal\/forskolans-ansvar-vid-krankningar-och-mobbning\/","title":{"rendered":"F\u00f6rskolans ansvar vid kr\u00e4nkningar och mobbning"},"content":{"rendered":"","protected":false},"excerpt":{"rendered":"<p>Alla barn har enligt FN:s barnkonvention, skollagen och diskrimineringslagen r\u00e4tt till en f\u00f6rskola utan kr\u00e4nkningar, trakasserier och diskriminering.<\/p>\n","protected":false},"author":3,"featured_media":0,"parent":17367,"menu_order":0,"comment_status":"closed","ping_status":"closed","template":"","meta":{"_acf_changed":false,"_helpful_status":1,"_relevanssi_hide_post":"","_relevanssi_hide_content":"","_relevanssi_pin_for_all":"","_relevanssi_pin_keywords":"","_relevanssi_unpin_keywords":"","_relevanssi_related_keywords":"","_relevanssi_related_include_ids":"","_relevanssi_related_exclude_ids":"","_relevanssi_related_no_append":"","_relevanssi_related_not_related":"","_relevanssi_related_posts":"","_relevanssi_noindex_reason":"","footnotes":""},"categories":[59],"tags":[],"simple-restrict-permission":[],"class_list":["post-18405","page","type-page","status-publish","hentry","category-forskolepersonal"],"acf":[],"_links":{"self":[{"href":"https:\/\/friends.se\/en\/wp-json\/wp\/v2\/pages\/18405","targetHints":{"allow":["GET"]}}],"collection":[{"href":"https:\/\/friends.se\/en\/wp-json\/wp\/v2\/pages"}],"about":[{"href":"https:\/\/friends.se\/en\/wp-json\/wp\/v2\/types\/page"}],"author":[{"embeddable":true,"href":"https:\/\/friends.se\/en\/wp-json\/wp\/v2\/users\/3"}],"replies":[{"embeddable":true,"href":"https:\/\/friends.se\/en\/wp-json\/wp\/v2\/comments?post=18405"}],"version-history":[{"count":12,"href":"https:\/\/friends.se\/en\/wp-json\/wp\/v2\/pages\/18405\/revisions"}],"predecessor-version":[{"id":33055,"href":"https:\/\/friends.se\/en\/wp-json\/wp\/v2\/pages\/18405\/revisions\/33055"}],"up":[{"embeddable":true,"href":"https:\/\/friends.se\/en\/wp-json\/wp\/v2\/pages\/17367"}],"wp:attachment":[{"href":"https:\/\/friends.se\/en\/wp-json\/wp\/v2\/media?parent=18405"}],"wp:term":[{"taxonomy":"category","embeddable":true,"href":"https:\/\/friends.se\/en\/wp-json\/wp\/v2\/categories?post=18405"},{"taxonomy":"post_tag","embeddable":true,"href":"https:\/\/friends.se\/en\/wp-json\/wp\/v2\/tags?post=18405"},{"taxonomy":"simple-restrict-permission","embeddable":true,"href":"https:\/\/friends.se\/en\/wp-json\/wp\/v2\/simple-restrict-permission?post=18405"}],"curies":[{"name":"wp","href":"https:\/\/api.w.org\/{rel}","templated":true}]}}