{"id":18154,"date":"2023-02-24T13:35:37","date_gmt":"2023-02-24T12:35:37","guid":{"rendered":"https:\/\/friends.se\/?page_id=18154"},"modified":"2026-02-20T15:59:51","modified_gmt":"2026-02-20T14:59:51","slug":"lek-och-relationer-i-forskolan","status":"publish","type":"page","link":"https:\/\/friends.se\/en\/kunskapsbanken\/forskolepersonal\/lek-och-relationer-i-forskolan\/","title":{"rendered":"Lek och relationer i f\u00f6rskolan"},"content":{"rendered":"","protected":false},"excerpt":{"rendered":"<p>Leken \u00e4r en viktig del av barnens liv och vardag p\u00e5 f\u00f6rskolan. Tips f\u00f6r att skapa goda f\u00f6ruts\u00e4ttningar f\u00f6r barnens lek. <\/p>\n","protected":false},"author":3,"featured_media":0,"parent":17367,"menu_order":0,"comment_status":"closed","ping_status":"closed","template":"","meta":{"_acf_changed":false,"_helpful_status":1,"_relevanssi_hide_post":"","_relevanssi_hide_content":"","_relevanssi_pin_for_all":"","_relevanssi_pin_keywords":"","_relevanssi_unpin_keywords":"","_relevanssi_related_keywords":"","_relevanssi_related_include_ids":"","_relevanssi_related_exclude_ids":"","_relevanssi_related_no_append":"","_relevanssi_related_not_related":"","_relevanssi_related_posts":"","_relevanssi_noindex_reason":"","footnotes":""},"categories":[59],"tags":[],"simple-restrict-permission":[],"class_list":["post-18154","page","type-page","status-publish","hentry","category-forskolepersonal"],"acf":[],"_links":{"self":[{"href":"https:\/\/friends.se\/en\/wp-json\/wp\/v2\/pages\/18154","targetHints":{"allow":["GET"]}}],"collection":[{"href":"https:\/\/friends.se\/en\/wp-json\/wp\/v2\/pages"}],"about":[{"href":"https:\/\/friends.se\/en\/wp-json\/wp\/v2\/types\/page"}],"author":[{"embeddable":true,"href":"https:\/\/friends.se\/en\/wp-json\/wp\/v2\/users\/3"}],"replies":[{"embeddable":true,"href":"https:\/\/friends.se\/en\/wp-json\/wp\/v2\/comments?post=18154"}],"version-history":[{"count":9,"href":"https:\/\/friends.se\/en\/wp-json\/wp\/v2\/pages\/18154\/revisions"}],"predecessor-version":[{"id":33050,"href":"https:\/\/friends.se\/en\/wp-json\/wp\/v2\/pages\/18154\/revisions\/33050"}],"up":[{"embeddable":true,"href":"https:\/\/friends.se\/en\/wp-json\/wp\/v2\/pages\/17367"}],"wp:attachment":[{"href":"https:\/\/friends.se\/en\/wp-json\/wp\/v2\/media?parent=18154"}],"wp:term":[{"taxonomy":"category","embeddable":true,"href":"https:\/\/friends.se\/en\/wp-json\/wp\/v2\/categories?post=18154"},{"taxonomy":"post_tag","embeddable":true,"href":"https:\/\/friends.se\/en\/wp-json\/wp\/v2\/tags?post=18154"},{"taxonomy":"simple-restrict-permission","embeddable":true,"href":"https:\/\/friends.se\/en\/wp-json\/wp\/v2\/simple-restrict-permission?post=18154"}],"curies":[{"name":"wp","href":"https:\/\/api.w.org\/{rel}","templated":true}]}}