{"id":18141,"date":"2023-02-24T11:27:14","date_gmt":"2023-02-24T10:27:14","guid":{"rendered":"https:\/\/friends.se\/?page_id=18141"},"modified":"2026-02-06T08:18:32","modified_gmt":"2026-02-06T07:18:32","slug":"arbeta-framjande-och-forebyggande-med-skolan-och-klassen","status":"publish","type":"page","link":"https:\/\/friends.se\/en\/kunskapsbanken\/skolpersonal\/arbeta-framjande-och-forebyggande-med-skolan-och-klassen\/","title":{"rendered":"Arbeta fr\u00e4mjande och f\u00f6rebyggande med skolan och klassen"},"content":{"rendered":"","protected":false},"excerpt":{"rendered":"<p>F\u00f6r att motverka mobbning kr\u00e4vs fr\u00e4mjande och f\u00f6rebyggande arbete. Skolan beh\u00f6ver jobba systematiskt och kontinuerligt med trygghetsarbete. <\/p>\n","protected":false},"author":3,"featured_media":0,"parent":17355,"menu_order":0,"comment_status":"closed","ping_status":"closed","template":"","meta":{"_acf_changed":false,"_helpful_status":1,"_relevanssi_hide_post":"","_relevanssi_hide_content":"","_relevanssi_pin_for_all":"","_relevanssi_pin_keywords":"","_relevanssi_unpin_keywords":"","_relevanssi_related_keywords":"","_relevanssi_related_include_ids":"","_relevanssi_related_exclude_ids":"","_relevanssi_related_no_append":"","_relevanssi_related_not_related":"","_relevanssi_related_posts":"","_relevanssi_noindex_reason":"","footnotes":""},"categories":[60],"tags":[],"simple-restrict-permission":[],"class_list":["post-18141","page","type-page","status-publish","hentry","category-skolpersonal"],"acf":[],"_links":{"self":[{"href":"https:\/\/friends.se\/en\/wp-json\/wp\/v2\/pages\/18141","targetHints":{"allow":["GET"]}}],"collection":[{"href":"https:\/\/friends.se\/en\/wp-json\/wp\/v2\/pages"}],"about":[{"href":"https:\/\/friends.se\/en\/wp-json\/wp\/v2\/types\/page"}],"author":[{"embeddable":true,"href":"https:\/\/friends.se\/en\/wp-json\/wp\/v2\/users\/3"}],"replies":[{"embeddable":true,"href":"https:\/\/friends.se\/en\/wp-json\/wp\/v2\/comments?post=18141"}],"version-history":[{"count":11,"href":"https:\/\/friends.se\/en\/wp-json\/wp\/v2\/pages\/18141\/revisions"}],"predecessor-version":[{"id":32766,"href":"https:\/\/friends.se\/en\/wp-json\/wp\/v2\/pages\/18141\/revisions\/32766"}],"up":[{"embeddable":true,"href":"https:\/\/friends.se\/en\/wp-json\/wp\/v2\/pages\/17355"}],"wp:attachment":[{"href":"https:\/\/friends.se\/en\/wp-json\/wp\/v2\/media?parent=18141"}],"wp:term":[{"taxonomy":"category","embeddable":true,"href":"https:\/\/friends.se\/en\/wp-json\/wp\/v2\/categories?post=18141"},{"taxonomy":"post_tag","embeddable":true,"href":"https:\/\/friends.se\/en\/wp-json\/wp\/v2\/tags?post=18141"},{"taxonomy":"simple-restrict-permission","embeddable":true,"href":"https:\/\/friends.se\/en\/wp-json\/wp\/v2\/simple-restrict-permission?post=18141"}],"curies":[{"name":"wp","href":"https:\/\/api.w.org\/{rel}","templated":true}]}}