{"id":17368,"date":"2022-12-13T10:26:19","date_gmt":"2022-12-13T09:26:19","guid":{"rendered":"https:\/\/friends.se\/?page_id=17368"},"modified":"2023-04-21T13:38:00","modified_gmt":"2023-04-21T11:38:00","slug":"ovningar","status":"publish","type":"page","link":"https:\/\/friends.se\/en\/kunskapsbanken\/forskolepersonal\/ovningar\/","title":{"rendered":"\u00d6vningar och material f\u00f6r f\u00f6rskolan"},"content":{"rendered":"","protected":false},"excerpt":{"rendered":"<p>\u00d6vningar \u00e4r ett bra s\u00e4tt att levandeg\u00f6ra trygghetsarbetet med barnen. H\u00e4r hittar du som arbetar i f\u00f6rskolan \u00f6vningar och material f\u00f6r barnen och kollegorna.<\/p>\n","protected":false},"author":3,"featured_media":18632,"parent":17367,"menu_order":0,"comment_status":"closed","ping_status":"closed","template":"","meta":{"_acf_changed":false,"_helpful_status":1,"_relevanssi_hide_post":"","_relevanssi_hide_content":"","_relevanssi_pin_for_all":"","_relevanssi_pin_keywords":"","_relevanssi_unpin_keywords":"","_relevanssi_related_keywords":"","_relevanssi_related_include_ids":"","_relevanssi_related_exclude_ids":"","_relevanssi_related_no_append":"","_relevanssi_related_not_related":"","_relevanssi_related_posts":"","_relevanssi_noindex_reason":"","footnotes":""},"categories":[59],"tags":[],"simple-restrict-permission":[],"class_list":["post-17368","page","type-page","status-publish","has-post-thumbnail","hentry","category-forskolepersonal"],"acf":[],"_links":{"self":[{"href":"https:\/\/friends.se\/en\/wp-json\/wp\/v2\/pages\/17368","targetHints":{"allow":["GET"]}}],"collection":[{"href":"https:\/\/friends.se\/en\/wp-json\/wp\/v2\/pages"}],"about":[{"href":"https:\/\/friends.se\/en\/wp-json\/wp\/v2\/types\/page"}],"author":[{"embeddable":true,"href":"https:\/\/friends.se\/en\/wp-json\/wp\/v2\/users\/3"}],"replies":[{"embeddable":true,"href":"https:\/\/friends.se\/en\/wp-json\/wp\/v2\/comments?post=17368"}],"version-history":[{"count":10,"href":"https:\/\/friends.se\/en\/wp-json\/wp\/v2\/pages\/17368\/revisions"}],"predecessor-version":[{"id":18958,"href":"https:\/\/friends.se\/en\/wp-json\/wp\/v2\/pages\/17368\/revisions\/18958"}],"up":[{"embeddable":true,"href":"https:\/\/friends.se\/en\/wp-json\/wp\/v2\/pages\/17367"}],"wp:featuredmedia":[{"embeddable":true,"href":"https:\/\/friends.se\/en\/wp-json\/wp\/v2\/media\/18632"}],"wp:attachment":[{"href":"https:\/\/friends.se\/en\/wp-json\/wp\/v2\/media?parent=17368"}],"wp:term":[{"taxonomy":"category","embeddable":true,"href":"https:\/\/friends.se\/en\/wp-json\/wp\/v2\/categories?post=17368"},{"taxonomy":"post_tag","embeddable":true,"href":"https:\/\/friends.se\/en\/wp-json\/wp\/v2\/tags?post=17368"},{"taxonomy":"simple-restrict-permission","embeddable":true,"href":"https:\/\/friends.se\/en\/wp-json\/wp\/v2\/simple-restrict-permission?post=17368"}],"curies":[{"name":"wp","href":"https:\/\/api.w.org\/{rel}","templated":true}]}}