{"id":17367,"date":"2022-12-13T10:24:03","date_gmt":"2022-12-13T09:24:03","guid":{"rendered":"https:\/\/friends.se\/?page_id=17367"},"modified":"2026-02-20T16:19:48","modified_gmt":"2026-02-20T15:19:48","slug":"forskolepersonal","status":"publish","type":"page","link":"https:\/\/friends.se\/en\/kunskapsbanken\/forskolepersonal\/","title":{"rendered":"F\u00f6rskolepersonal"},"content":{"rendered":"","protected":false},"excerpt":{"rendered":"<p>Trygghetsarbetet kan aldrig b\u00f6rja f\u00f6r tidigt. H\u00e4r hittar du som arbetar i f\u00f6rskolan kunskap, \u00f6vningar och material f\u00f6r att skapa en trygg f\u00f6rskola. <\/p>\n","protected":false},"author":3,"featured_media":0,"parent":11200,"menu_order":0,"comment_status":"closed","ping_status":"closed","template":"","meta":{"_acf_changed":false,"_helpful_status":1,"_relevanssi_hide_post":"","_relevanssi_hide_content":"","_relevanssi_pin_for_all":"","_relevanssi_pin_keywords":"","_relevanssi_unpin_keywords":"","_relevanssi_related_keywords":"","_relevanssi_related_include_ids":"","_relevanssi_related_exclude_ids":"","_relevanssi_related_no_append":"","_relevanssi_related_not_related":"","_relevanssi_related_posts":"","_relevanssi_noindex_reason":"","footnotes":""},"categories":[175,59],"tags":[],"simple-restrict-permission":[],"class_list":["post-17367","page","type-page","status-publish","hentry","category-ej-kb-teaser","category-forskolepersonal"],"acf":[],"_links":{"self":[{"href":"https:\/\/friends.se\/en\/wp-json\/wp\/v2\/pages\/17367","targetHints":{"allow":["GET"]}}],"collection":[{"href":"https:\/\/friends.se\/en\/wp-json\/wp\/v2\/pages"}],"about":[{"href":"https:\/\/friends.se\/en\/wp-json\/wp\/v2\/types\/page"}],"author":[{"embeddable":true,"href":"https:\/\/friends.se\/en\/wp-json\/wp\/v2\/users\/3"}],"replies":[{"embeddable":true,"href":"https:\/\/friends.se\/en\/wp-json\/wp\/v2\/comments?post=17367"}],"version-history":[{"count":14,"href":"https:\/\/friends.se\/en\/wp-json\/wp\/v2\/pages\/17367\/revisions"}],"predecessor-version":[{"id":33070,"href":"https:\/\/friends.se\/en\/wp-json\/wp\/v2\/pages\/17367\/revisions\/33070"}],"up":[{"embeddable":true,"href":"https:\/\/friends.se\/en\/wp-json\/wp\/v2\/pages\/11200"}],"wp:attachment":[{"href":"https:\/\/friends.se\/en\/wp-json\/wp\/v2\/media?parent=17367"}],"wp:term":[{"taxonomy":"category","embeddable":true,"href":"https:\/\/friends.se\/en\/wp-json\/wp\/v2\/categories?post=17367"},{"taxonomy":"post_tag","embeddable":true,"href":"https:\/\/friends.se\/en\/wp-json\/wp\/v2\/tags?post=17367"},{"taxonomy":"simple-restrict-permission","embeddable":true,"href":"https:\/\/friends.se\/en\/wp-json\/wp\/v2\/simple-restrict-permission?post=17367"}],"curies":[{"name":"wp","href":"https:\/\/api.w.org\/{rel}","templated":true}]}}