{"id":17357,"date":"2022-12-12T14:24:05","date_gmt":"2022-12-12T13:24:05","guid":{"rendered":"https:\/\/friends.se\/?page_id=17357"},"modified":"2026-02-11T14:53:46","modified_gmt":"2026-02-11T13:53:46","slug":"ovningar","status":"publish","type":"page","link":"https:\/\/friends.se\/en\/kunskapsbanken\/skolpersonal\/ovningar\/","title":{"rendered":"\u00d6vningar och material f\u00f6r skolan"},"content":{"rendered":"","protected":false},"excerpt":{"rendered":"<p>\u00d6vningar \u00e4r ett bra s\u00e4tt f\u00f6r att levandeg\u00f6ra trygghetsarbetet i skolan. H\u00e4r hittar du som arbetar i skolan \u00f6vningar och material f\u00f6r elever och kollegor.<\/p>\n","protected":false},"author":3,"featured_media":12011,"parent":17355,"menu_order":0,"comment_status":"closed","ping_status":"closed","template":"","meta":{"_acf_changed":false,"_helpful_status":1,"_relevanssi_hide_post":"","_relevanssi_hide_content":"","_relevanssi_pin_for_all":"","_relevanssi_pin_keywords":"","_relevanssi_unpin_keywords":"","_relevanssi_related_keywords":"","_relevanssi_related_include_ids":"","_relevanssi_related_exclude_ids":"","_relevanssi_related_no_append":"","_relevanssi_related_not_related":"","_relevanssi_related_posts":"","_relevanssi_noindex_reason":"","footnotes":""},"categories":[60],"tags":[],"simple-restrict-permission":[],"class_list":["post-17357","page","type-page","status-publish","has-post-thumbnail","hentry","category-skolpersonal"],"acf":[],"_links":{"self":[{"href":"https:\/\/friends.se\/en\/wp-json\/wp\/v2\/pages\/17357","targetHints":{"allow":["GET"]}}],"collection":[{"href":"https:\/\/friends.se\/en\/wp-json\/wp\/v2\/pages"}],"about":[{"href":"https:\/\/friends.se\/en\/wp-json\/wp\/v2\/types\/page"}],"author":[{"embeddable":true,"href":"https:\/\/friends.se\/en\/wp-json\/wp\/v2\/users\/3"}],"replies":[{"embeddable":true,"href":"https:\/\/friends.se\/en\/wp-json\/wp\/v2\/comments?post=17357"}],"version-history":[{"count":14,"href":"https:\/\/friends.se\/en\/wp-json\/wp\/v2\/pages\/17357\/revisions"}],"predecessor-version":[{"id":32889,"href":"https:\/\/friends.se\/en\/wp-json\/wp\/v2\/pages\/17357\/revisions\/32889"}],"up":[{"embeddable":true,"href":"https:\/\/friends.se\/en\/wp-json\/wp\/v2\/pages\/17355"}],"wp:featuredmedia":[{"embeddable":true,"href":"https:\/\/friends.se\/en\/wp-json\/wp\/v2\/media\/12011"}],"wp:attachment":[{"href":"https:\/\/friends.se\/en\/wp-json\/wp\/v2\/media?parent=17357"}],"wp:term":[{"taxonomy":"category","embeddable":true,"href":"https:\/\/friends.se\/en\/wp-json\/wp\/v2\/categories?post=17357"},{"taxonomy":"post_tag","embeddable":true,"href":"https:\/\/friends.se\/en\/wp-json\/wp\/v2\/tags?post=17357"},{"taxonomy":"simple-restrict-permission","embeddable":true,"href":"https:\/\/friends.se\/en\/wp-json\/wp\/v2\/simple-restrict-permission?post=17357"}],"curies":[{"name":"wp","href":"https:\/\/api.w.org\/{rel}","templated":true}]}}