{"id":17355,"date":"2022-12-12T14:18:05","date_gmt":"2022-12-12T13:18:05","guid":{"rendered":"https:\/\/friends.se\/?page_id=17355"},"modified":"2026-02-20T16:19:06","modified_gmt":"2026-02-20T15:19:06","slug":"skolpersonal","status":"publish","type":"page","link":"https:\/\/friends.se\/en\/kunskapsbanken\/skolpersonal\/","title":{"rendered":"Skolpersonal"},"content":{"rendered":"","protected":false},"excerpt":{"rendered":"<p>H\u00e4r hittar du som arbetar i skolan kunskap, \u00f6vningar och material f\u00f6r att f\u00f6rebygga och minska kr\u00e4nkningar och mobbning, och skapa en trygg milj\u00f6 i skolan. <\/p>\n","protected":false},"author":3,"featured_media":0,"parent":11200,"menu_order":0,"comment_status":"closed","ping_status":"closed","template":"","meta":{"_acf_changed":false,"_helpful_status":1,"_relevanssi_hide_post":"","_relevanssi_hide_content":"","_relevanssi_pin_for_all":"","_relevanssi_pin_keywords":"","_relevanssi_unpin_keywords":"","_relevanssi_related_keywords":"","_relevanssi_related_include_ids":"","_relevanssi_related_exclude_ids":"","_relevanssi_related_no_append":"","_relevanssi_related_not_related":"","_relevanssi_related_posts":"","_relevanssi_noindex_reason":"WooCommerce SEO Framework Relevanssi index exclude","footnotes":""},"categories":[175,60],"tags":[],"simple-restrict-permission":[],"class_list":["post-17355","page","type-page","status-publish","hentry","category-ej-kb-teaser","category-skolpersonal"],"acf":[],"_links":{"self":[{"href":"https:\/\/friends.se\/en\/wp-json\/wp\/v2\/pages\/17355","targetHints":{"allow":["GET"]}}],"collection":[{"href":"https:\/\/friends.se\/en\/wp-json\/wp\/v2\/pages"}],"about":[{"href":"https:\/\/friends.se\/en\/wp-json\/wp\/v2\/types\/page"}],"author":[{"embeddable":true,"href":"https:\/\/friends.se\/en\/wp-json\/wp\/v2\/users\/3"}],"replies":[{"embeddable":true,"href":"https:\/\/friends.se\/en\/wp-json\/wp\/v2\/comments?post=17355"}],"version-history":[{"count":17,"href":"https:\/\/friends.se\/en\/wp-json\/wp\/v2\/pages\/17355\/revisions"}],"predecessor-version":[{"id":33068,"href":"https:\/\/friends.se\/en\/wp-json\/wp\/v2\/pages\/17355\/revisions\/33068"}],"up":[{"embeddable":true,"href":"https:\/\/friends.se\/en\/wp-json\/wp\/v2\/pages\/11200"}],"wp:attachment":[{"href":"https:\/\/friends.se\/en\/wp-json\/wp\/v2\/media?parent=17355"}],"wp:term":[{"taxonomy":"category","embeddable":true,"href":"https:\/\/friends.se\/en\/wp-json\/wp\/v2\/categories?post=17355"},{"taxonomy":"post_tag","embeddable":true,"href":"https:\/\/friends.se\/en\/wp-json\/wp\/v2\/tags?post=17355"},{"taxonomy":"simple-restrict-permission","embeddable":true,"href":"https:\/\/friends.se\/en\/wp-json\/wp\/v2\/simple-restrict-permission?post=17355"}],"curies":[{"name":"wp","href":"https:\/\/api.w.org\/{rel}","templated":true}]}}