{"id":1601,"date":"2019-01-08T15:13:50","date_gmt":"2019-01-08T14:13:50","guid":{"rendered":"https:\/\/friends.se\/?page_id=1601"},"modified":"2026-02-12T12:56:30","modified_gmt":"2026-02-12T11:56:30","slug":"ge-en-foretagsgava","status":"publish","type":"page","link":"https:\/\/friends.se\/en\/stod-oss\/ge-en-foretagsgava\/","title":{"rendered":"Ge en f\u00f6retagsg\u00e5va"},"content":{"rendered":"","protected":false},"excerpt":{"rendered":"<p>G\u00f6r en livsviktig investering f\u00f6r ett samh\u00e4lle d\u00e4r inget barn uts\u00e4tts f\u00f6r mobbning. Ert st\u00f6d \u00e4r ov\u00e4rderligt!<\/p>\n","protected":false},"author":3,"featured_media":2312,"parent":1596,"menu_order":0,"comment_status":"closed","ping_status":"closed","template":"","meta":{"_acf_changed":false,"_helpful_status":1,"_relevanssi_hide_post":"","_relevanssi_hide_content":"","_relevanssi_pin_for_all":"","_relevanssi_pin_keywords":"","_relevanssi_unpin_keywords":"","_relevanssi_related_keywords":"","_relevanssi_related_include_ids":"","_relevanssi_related_exclude_ids":"","_relevanssi_related_no_append":"","_relevanssi_related_not_related":"","_relevanssi_related_posts":"","_relevanssi_noindex_reason":"","footnotes":""},"categories":[110,108],"tags":[],"simple-restrict-permission":[],"class_list":["post-1601","page","type-page","status-publish","has-post-thumbnail","hentry","category-for-foretag","category-ge-en-gava"],"acf":[],"_links":{"self":[{"href":"https:\/\/friends.se\/en\/wp-json\/wp\/v2\/pages\/1601","targetHints":{"allow":["GET"]}}],"collection":[{"href":"https:\/\/friends.se\/en\/wp-json\/wp\/v2\/pages"}],"about":[{"href":"https:\/\/friends.se\/en\/wp-json\/wp\/v2\/types\/page"}],"author":[{"embeddable":true,"href":"https:\/\/friends.se\/en\/wp-json\/wp\/v2\/users\/3"}],"replies":[{"embeddable":true,"href":"https:\/\/friends.se\/en\/wp-json\/wp\/v2\/comments?post=1601"}],"version-history":[{"count":18,"href":"https:\/\/friends.se\/en\/wp-json\/wp\/v2\/pages\/1601\/revisions"}],"predecessor-version":[{"id":32901,"href":"https:\/\/friends.se\/en\/wp-json\/wp\/v2\/pages\/1601\/revisions\/32901"}],"up":[{"embeddable":true,"href":"https:\/\/friends.se\/en\/wp-json\/wp\/v2\/pages\/1596"}],"wp:featuredmedia":[{"embeddable":true,"href":"https:\/\/friends.se\/en\/wp-json\/wp\/v2\/media\/2312"}],"wp:attachment":[{"href":"https:\/\/friends.se\/en\/wp-json\/wp\/v2\/media?parent=1601"}],"wp:term":[{"taxonomy":"category","embeddable":true,"href":"https:\/\/friends.se\/en\/wp-json\/wp\/v2\/categories?post=1601"},{"taxonomy":"post_tag","embeddable":true,"href":"https:\/\/friends.se\/en\/wp-json\/wp\/v2\/tags?post=1601"},{"taxonomy":"simple-restrict-permission","embeddable":true,"href":"https:\/\/friends.se\/en\/wp-json\/wp\/v2\/simple-restrict-permission?post=1601"}],"curies":[{"name":"wp","href":"https:\/\/api.w.org\/{rel}","templated":true}]}}