{"id":12369,"date":"2022-04-06T16:23:39","date_gmt":"2022-04-06T14:23:39","guid":{"rendered":"https:\/\/friends.se\/?page_id=12369"},"modified":"2026-02-20T17:06:29","modified_gmt":"2026-02-20T16:06:29","slug":"utsatt-pa-grund-av-funktionsnedsattning","status":"publish","type":"page","link":"https:\/\/friends.se\/en\/kunskapsbanken\/barn-och-unga\/utsatt-pa-grund-av-funktionsnedsattning\/","title":{"rendered":"Vad kan jag g\u00f6ra om jag blir utsatt p\u00e5 grund av min funktionsneds\u00e4ttning?"},"content":{"rendered":"","protected":false},"excerpt":{"rendered":"<p>Det \u00e4r aldrig ditt fel om du uts\u00e4tts f\u00f6r funkofobi. Det \u00e4r viktigt att ber\u00e4tta f\u00f6r en vuxen. Skolan har ett ansvar att s\u00e4tta stopp f\u00f6r kr\u00e4nkningarna.<\/p>\n","protected":false},"author":3,"featured_media":0,"parent":11325,"menu_order":0,"comment_status":"closed","ping_status":"closed","template":"","meta":{"_acf_changed":false,"_helpful_status":1,"_relevanssi_hide_post":"","_relevanssi_hide_content":"","_relevanssi_pin_for_all":"","_relevanssi_pin_keywords":"","_relevanssi_unpin_keywords":"","_relevanssi_related_keywords":"","_relevanssi_related_include_ids":"","_relevanssi_related_exclude_ids":"","_relevanssi_related_no_append":"","_relevanssi_related_not_related":"","_relevanssi_related_posts":"","_relevanssi_noindex_reason":"","footnotes":""},"categories":[57],"tags":[63],"simple-restrict-permission":[],"class_list":["post-12369","page","type-page","status-publish","hentry","category-barn-och-unga","tag-funktionsvariation"],"acf":[],"_links":{"self":[{"href":"https:\/\/friends.se\/en\/wp-json\/wp\/v2\/pages\/12369","targetHints":{"allow":["GET"]}}],"collection":[{"href":"https:\/\/friends.se\/en\/wp-json\/wp\/v2\/pages"}],"about":[{"href":"https:\/\/friends.se\/en\/wp-json\/wp\/v2\/types\/page"}],"author":[{"embeddable":true,"href":"https:\/\/friends.se\/en\/wp-json\/wp\/v2\/users\/3"}],"replies":[{"embeddable":true,"href":"https:\/\/friends.se\/en\/wp-json\/wp\/v2\/comments?post=12369"}],"version-history":[{"count":11,"href":"https:\/\/friends.se\/en\/wp-json\/wp\/v2\/pages\/12369\/revisions"}],"predecessor-version":[{"id":33101,"href":"https:\/\/friends.se\/en\/wp-json\/wp\/v2\/pages\/12369\/revisions\/33101"}],"up":[{"embeddable":true,"href":"https:\/\/friends.se\/en\/wp-json\/wp\/v2\/pages\/11325"}],"wp:attachment":[{"href":"https:\/\/friends.se\/en\/wp-json\/wp\/v2\/media?parent=12369"}],"wp:term":[{"taxonomy":"category","embeddable":true,"href":"https:\/\/friends.se\/en\/wp-json\/wp\/v2\/categories?post=12369"},{"taxonomy":"post_tag","embeddable":true,"href":"https:\/\/friends.se\/en\/wp-json\/wp\/v2\/tags?post=12369"},{"taxonomy":"simple-restrict-permission","embeddable":true,"href":"https:\/\/friends.se\/en\/wp-json\/wp\/v2\/simple-restrict-permission?post=12369"}],"curies":[{"name":"wp","href":"https:\/\/api.w.org\/{rel}","templated":true}]}}