{"id":12162,"date":"2022-04-01T10:31:39","date_gmt":"2022-04-01T08:31:39","guid":{"rendered":"https:\/\/friends.se\/?page_id=12162"},"modified":"2026-02-19T10:23:14","modified_gmt":"2026-02-19T09:23:14","slug":"rad-och-stod","status":"publish","type":"page","link":"https:\/\/friends.se\/en\/kunskapsbanken\/foralder\/rad-och-stod\/","title":{"rendered":"R\u00e5d och st\u00f6d f\u00f6r f\u00f6r\u00e4ldrar och n\u00e4rst\u00e5ende"},"content":{"rendered":"","protected":false},"excerpt":{"rendered":"<p>Kontakta Friends f\u00f6r r\u00e5d och st\u00f6d kring fr\u00e5gor som r\u00f6r utsatthet, mobbning, ensamhet med mera. <\/p>\n","protected":false},"author":3,"featured_media":0,"parent":11203,"menu_order":0,"comment_status":"closed","ping_status":"closed","template":"","meta":{"_acf_changed":false,"_helpful_status":1,"_relevanssi_hide_post":"","_relevanssi_hide_content":"","_relevanssi_pin_for_all":"","_relevanssi_pin_keywords":"","_relevanssi_unpin_keywords":"","_relevanssi_related_keywords":"","_relevanssi_related_include_ids":"","_relevanssi_related_exclude_ids":"","_relevanssi_related_no_append":"","_relevanssi_related_not_related":"","_relevanssi_related_posts":"","_relevanssi_noindex_reason":"","footnotes":""},"categories":[58],"tags":[],"simple-restrict-permission":[],"class_list":["post-12162","page","type-page","status-publish","hentry","category-foraldrar-och-narstaende"],"acf":[],"_links":{"self":[{"href":"https:\/\/friends.se\/en\/wp-json\/wp\/v2\/pages\/12162","targetHints":{"allow":["GET"]}}],"collection":[{"href":"https:\/\/friends.se\/en\/wp-json\/wp\/v2\/pages"}],"about":[{"href":"https:\/\/friends.se\/en\/wp-json\/wp\/v2\/types\/page"}],"author":[{"embeddable":true,"href":"https:\/\/friends.se\/en\/wp-json\/wp\/v2\/users\/3"}],"replies":[{"embeddable":true,"href":"https:\/\/friends.se\/en\/wp-json\/wp\/v2\/comments?post=12162"}],"version-history":[{"count":15,"href":"https:\/\/friends.se\/en\/wp-json\/wp\/v2\/pages\/12162\/revisions"}],"predecessor-version":[{"id":33002,"href":"https:\/\/friends.se\/en\/wp-json\/wp\/v2\/pages\/12162\/revisions\/33002"}],"up":[{"embeddable":true,"href":"https:\/\/friends.se\/en\/wp-json\/wp\/v2\/pages\/11203"}],"wp:attachment":[{"href":"https:\/\/friends.se\/en\/wp-json\/wp\/v2\/media?parent=12162"}],"wp:term":[{"taxonomy":"category","embeddable":true,"href":"https:\/\/friends.se\/en\/wp-json\/wp\/v2\/categories?post=12162"},{"taxonomy":"post_tag","embeddable":true,"href":"https:\/\/friends.se\/en\/wp-json\/wp\/v2\/tags?post=12162"},{"taxonomy":"simple-restrict-permission","embeddable":true,"href":"https:\/\/friends.se\/en\/wp-json\/wp\/v2\/simple-restrict-permission?post=12162"}],"curies":[{"name":"wp","href":"https:\/\/api.w.org\/{rel}","templated":true}]}}