{"id":11354,"date":"2022-03-10T17:02:54","date_gmt":"2022-03-10T16:02:54","guid":{"rendered":"https:\/\/friends.se\/?page_id=11354"},"modified":"2026-02-11T10:22:40","modified_gmt":"2026-02-11T09:22:40","slug":"jag-vill-lara-mig-mer-om-mobbning","status":"publish","type":"page","link":"https:\/\/friends.se\/en\/kunskapsbanken\/foralder\/jag-vill-lara-mig-mer-om-mobbning\/","title":{"rendered":"Jag vill l\u00e4ra mig mer om mobbning och kr\u00e4nkningar"},"content":{"rendered":"","protected":false},"excerpt":{"rendered":"<p>Hur definieras mobbning, hur p\u00e5verkar det, varf\u00f6r uppst\u00e5r det och hur vi kan stoppa mobbning.  <\/p>\n","protected":false},"author":3,"featured_media":6447,"parent":11203,"menu_order":0,"comment_status":"closed","ping_status":"closed","template":"","meta":{"_acf_changed":false,"_helpful_status":1,"_relevanssi_hide_post":"","_relevanssi_hide_content":"","_relevanssi_pin_for_all":"","_relevanssi_pin_keywords":"","_relevanssi_unpin_keywords":"","_relevanssi_related_keywords":"","_relevanssi_related_include_ids":"","_relevanssi_related_exclude_ids":"","_relevanssi_related_no_append":"","_relevanssi_related_not_related":"","_relevanssi_related_posts":"","_relevanssi_noindex_reason":"","footnotes":""},"categories":[58],"tags":[],"simple-restrict-permission":[],"class_list":["post-11354","page","type-page","status-publish","has-post-thumbnail","hentry","category-foraldrar-och-narstaende"],"acf":[],"_links":{"self":[{"href":"https:\/\/friends.se\/en\/wp-json\/wp\/v2\/pages\/11354","targetHints":{"allow":["GET"]}}],"collection":[{"href":"https:\/\/friends.se\/en\/wp-json\/wp\/v2\/pages"}],"about":[{"href":"https:\/\/friends.se\/en\/wp-json\/wp\/v2\/types\/page"}],"author":[{"embeddable":true,"href":"https:\/\/friends.se\/en\/wp-json\/wp\/v2\/users\/3"}],"replies":[{"embeddable":true,"href":"https:\/\/friends.se\/en\/wp-json\/wp\/v2\/comments?post=11354"}],"version-history":[{"count":12,"href":"https:\/\/friends.se\/en\/wp-json\/wp\/v2\/pages\/11354\/revisions"}],"predecessor-version":[{"id":32876,"href":"https:\/\/friends.se\/en\/wp-json\/wp\/v2\/pages\/11354\/revisions\/32876"}],"up":[{"embeddable":true,"href":"https:\/\/friends.se\/en\/wp-json\/wp\/v2\/pages\/11203"}],"wp:featuredmedia":[{"embeddable":true,"href":"https:\/\/friends.se\/en\/wp-json\/wp\/v2\/media\/6447"}],"wp:attachment":[{"href":"https:\/\/friends.se\/en\/wp-json\/wp\/v2\/media?parent=11354"}],"wp:term":[{"taxonomy":"category","embeddable":true,"href":"https:\/\/friends.se\/en\/wp-json\/wp\/v2\/categories?post=11354"},{"taxonomy":"post_tag","embeddable":true,"href":"https:\/\/friends.se\/en\/wp-json\/wp\/v2\/tags?post=11354"},{"taxonomy":"simple-restrict-permission","embeddable":true,"href":"https:\/\/friends.se\/en\/wp-json\/wp\/v2\/simple-restrict-permission?post=11354"}],"curies":[{"name":"wp","href":"https:\/\/api.w.org\/{rel}","templated":true}]}}