{"id":11203,"date":"2022-03-03T14:06:17","date_gmt":"2022-03-03T13:06:17","guid":{"rendered":"https:\/\/friends.se\/?page_id=11203"},"modified":"2026-02-20T16:18:50","modified_gmt":"2026-02-20T15:18:50","slug":"foralder","status":"publish","type":"page","link":"https:\/\/friends.se\/en\/kunskapsbanken\/foralder\/","title":{"rendered":"F\u00f6r\u00e4ldrar och n\u00e4rst\u00e5ende"},"content":{"rendered":"","protected":false},"excerpt":{"rendered":"<p>H\u00e4r hittar du som f\u00f6r\u00e4lder och n\u00e4rst\u00e5ende kunskap och guider kring hur du kan st\u00f6tta ditt barn kopplat till mobbning, kr\u00e4nkningar och trakasserier.<\/p>\n","protected":false},"author":3,"featured_media":0,"parent":11200,"menu_order":0,"comment_status":"closed","ping_status":"closed","template":"","meta":{"_acf_changed":false,"_helpful_status":1,"_relevanssi_hide_post":"","_relevanssi_hide_content":"","_relevanssi_pin_for_all":"","_relevanssi_pin_keywords":"","_relevanssi_unpin_keywords":"","_relevanssi_related_keywords":"","_relevanssi_related_include_ids":"","_relevanssi_related_exclude_ids":"","_relevanssi_related_no_append":"","_relevanssi_related_not_related":"","_relevanssi_related_posts":"","_relevanssi_noindex_reason":"","footnotes":""},"categories":[175,58],"tags":[],"simple-restrict-permission":[],"class_list":["post-11203","page","type-page","status-publish","hentry","category-ej-kb-teaser","category-foraldrar-och-narstaende"],"acf":[],"_links":{"self":[{"href":"https:\/\/friends.se\/en\/wp-json\/wp\/v2\/pages\/11203","targetHints":{"allow":["GET"]}}],"collection":[{"href":"https:\/\/friends.se\/en\/wp-json\/wp\/v2\/pages"}],"about":[{"href":"https:\/\/friends.se\/en\/wp-json\/wp\/v2\/types\/page"}],"author":[{"embeddable":true,"href":"https:\/\/friends.se\/en\/wp-json\/wp\/v2\/users\/3"}],"replies":[{"embeddable":true,"href":"https:\/\/friends.se\/en\/wp-json\/wp\/v2\/comments?post=11203"}],"version-history":[{"count":14,"href":"https:\/\/friends.se\/en\/wp-json\/wp\/v2\/pages\/11203\/revisions"}],"predecessor-version":[{"id":33067,"href":"https:\/\/friends.se\/en\/wp-json\/wp\/v2\/pages\/11203\/revisions\/33067"}],"up":[{"embeddable":true,"href":"https:\/\/friends.se\/en\/wp-json\/wp\/v2\/pages\/11200"}],"wp:attachment":[{"href":"https:\/\/friends.se\/en\/wp-json\/wp\/v2\/media?parent=11203"}],"wp:term":[{"taxonomy":"category","embeddable":true,"href":"https:\/\/friends.se\/en\/wp-json\/wp\/v2\/categories?post=11203"},{"taxonomy":"post_tag","embeddable":true,"href":"https:\/\/friends.se\/en\/wp-json\/wp\/v2\/tags?post=11203"},{"taxonomy":"simple-restrict-permission","embeddable":true,"href":"https:\/\/friends.se\/en\/wp-json\/wp\/v2\/simple-restrict-permission?post=11203"}],"curies":[{"name":"wp","href":"https:\/\/api.w.org\/{rel}","templated":true}]}}