{"id":11200,"date":"2022-03-03T14:01:17","date_gmt":"2022-03-03T13:01:17","guid":{"rendered":"https:\/\/friends.se\/?page_id=11200"},"modified":"2026-03-17T09:18:53","modified_gmt":"2026-03-17T08:18:53","slug":"kunskapsbanken","status":"publish","type":"page","link":"https:\/\/friends.se\/en\/kunskapsbanken\/","title":{"rendered":"Kunskapsbanken"},"content":{"rendered":"","protected":false},"excerpt":{"rendered":"<p>Kunskap och konkreta r\u00e5d f\u00f6r att skapa en v\u00e4rld fri fr\u00e5n mobbning. Alla kan g\u00f6ra n\u00e5got f\u00f6r att f\u00f6rebygga och stoppa mobbning bland barn och unga. <\/p>\n","protected":false},"author":3,"featured_media":0,"parent":0,"menu_order":0,"comment_status":"closed","ping_status":"closed","template":"","meta":{"_acf_changed":false,"_helpful_status":1,"_relevanssi_hide_post":"","_relevanssi_hide_content":"","_relevanssi_pin_for_all":"","_relevanssi_pin_keywords":"","_relevanssi_unpin_keywords":"","_relevanssi_related_keywords":"","_relevanssi_related_include_ids":"","_relevanssi_related_exclude_ids":"","_relevanssi_related_no_append":"","_relevanssi_related_not_related":"","_relevanssi_related_posts":"","_relevanssi_noindex_reason":"","footnotes":""},"categories":[57,175,58,59,61,60],"tags":[],"simple-restrict-permission":[],"class_list":["post-11200","page","type-page","status-publish","hentry","category-barn-och-unga","category-ej-kb-teaser","category-foraldrar-och-narstaende","category-forskolepersonal","category-idrottsledare","category-skolpersonal"],"acf":[],"_links":{"self":[{"href":"https:\/\/friends.se\/en\/wp-json\/wp\/v2\/pages\/11200","targetHints":{"allow":["GET"]}}],"collection":[{"href":"https:\/\/friends.se\/en\/wp-json\/wp\/v2\/pages"}],"about":[{"href":"https:\/\/friends.se\/en\/wp-json\/wp\/v2\/types\/page"}],"author":[{"embeddable":true,"href":"https:\/\/friends.se\/en\/wp-json\/wp\/v2\/users\/3"}],"replies":[{"embeddable":true,"href":"https:\/\/friends.se\/en\/wp-json\/wp\/v2\/comments?post=11200"}],"version-history":[{"count":17,"href":"https:\/\/friends.se\/en\/wp-json\/wp\/v2\/pages\/11200\/revisions"}],"predecessor-version":[{"id":33267,"href":"https:\/\/friends.se\/en\/wp-json\/wp\/v2\/pages\/11200\/revisions\/33267"}],"wp:attachment":[{"href":"https:\/\/friends.se\/en\/wp-json\/wp\/v2\/media?parent=11200"}],"wp:term":[{"taxonomy":"category","embeddable":true,"href":"https:\/\/friends.se\/en\/wp-json\/wp\/v2\/categories?post=11200"},{"taxonomy":"post_tag","embeddable":true,"href":"https:\/\/friends.se\/en\/wp-json\/wp\/v2\/tags?post=11200"},{"taxonomy":"simple-restrict-permission","embeddable":true,"href":"https:\/\/friends.se\/en\/wp-json\/wp\/v2\/simple-restrict-permission?post=11200"}],"curies":[{"name":"wp","href":"https:\/\/api.w.org\/{rel}","templated":true}]}}