{"id":8638,"date":"2021-09-17T07:00:19","date_gmt":"2021-09-17T05:00:19","guid":{"rendered":"https:\/\/friends.se\/?post_type=product&#038;p=8638"},"modified":"2021-10-22T09:54:31","modified_gmt":"2021-10-22T07:54:31","slug":"anti-rasistisk-handbok","status":"publish","type":"product","link":"https:\/\/friends.se\/ar\/produkt\/anti-rasistisk-handbok\/","title":{"rendered":"Anti-rasistisk handbok"},"content":{"rendered":"<p><strong>F\u00f6rfattare: <\/strong>Patrick Konde, Tiffany Jewell<br \/>\n<strong>\u00d6vers\u00e4ttare:<\/strong> Hillevi Jonsson<br \/>\n<strong>Illustrat\u00f6r:<\/strong> Aur\u00e9lia Durand<br \/>\n<strong>ISBN:<\/strong> 9789171265517<br \/>\n<strong>Spr\u00e5k:<\/strong> Svenska<br \/>\n<strong>Utgiven:<\/strong> 2021-09-13<br \/>\n<strong>F\u00f6rlag:<\/strong> Max Str\u00f6m<br \/>\n<strong>Antal sidor:<\/strong> 176<\/p>\n","protected":false},"excerpt":{"rendered":"<p>Internationell succ\u00e9 &#8211; nu i svensk kontext!<\/p>\n<p>Vem \u00e4r du? Vilken \u00e4r din identitet? Hur kan du ta st\u00e4llning?<\/p>\n<p>Vardagsrasismen finns \u00f6verallt. Ibland \u00e4r den uttalad och ibland \u00e4r den subtil \u2013 men den finns i alla sammanhang.<\/p>\n<p>Den h\u00e4r boken \u00e4r skriven f\u00f6r att st\u00e4rka oss s\u00e5 att vi med r\u00e4tt spr\u00e5k och kunskap kan st\u00e5 upp mot de rasistiska strukturer som finns i v\u00e5r vardag. I 20 kapitel ber\u00e4ttas det om identitet och f\u00f6rdomar, om historia och nutid \u2013 och om hur vi blir olika bem\u00f6tta beroende p\u00e5 v\u00e5rt utseende och ursprung. Viktigast av allt \u2013 den h\u00e4r boken ger oss redskap att skapa f\u00f6r\u00e4ndring och motverka rasism. Kort sagt \u2013 den h\u00e4r boken \u00e4r f\u00f6r ALLA.<\/p>\n<p>Boken \u00e4r en internationell framg\u00e5ng och har legat p\u00e5 New York Times bestseller-lista i m\u00e5nga m\u00e5nader. Den svenska bearbetningen har gjorts av <strong>Patrick Konde<\/strong> som \u00e4r f\u00f6rel\u00e4sare och sakkunnig p\u00e5 Friends kring fr\u00e5gor om rasism och mobbning.<\/p>\n<h4><a href=\"https:\/\/www.adlibris.com\/se\/bok\/antirasistisk-handbok-9789171265517\" target=\"_blank\" rel=\"noopener\">K\u00f6p boken hos Adlibris<\/a><\/h4>\n","protected":false},"featured_media":8641,"template":"","meta":{"_acf_changed":false,"_helpful_status":1,"_relevanssi_hide_post":"","_relevanssi_hide_content":"","_relevanssi_pin_for_all":"","_relevanssi_pin_keywords":"","_relevanssi_unpin_keywords":"","_relevanssi_related_keywords":"","_relevanssi_related_include_ids":"","_relevanssi_related_exclude_ids":"","_relevanssi_related_no_append":"","_relevanssi_related_not_related":"","_relevanssi_related_posts":"","_relevanssi_noindex_reason":""},"product_brand":[],"product_cat":[45],"product_tag":[],"class_list":{"0":"post-8638","1":"product","2":"type-product","3":"status-publish","4":"has-post-thumbnail","6":"product_cat-bocker","8":"first","9":"instock","10":"taxable","11":"shipping-taxable","12":"product-type-simple"},"acf":[],"_links":{"self":[{"href":"https:\/\/friends.se\/ar\/wp-json\/wp\/v2\/product\/8638","targetHints":{"allow":["GET"]}}],"collection":[{"href":"https:\/\/friends.se\/ar\/wp-json\/wp\/v2\/product"}],"about":[{"href":"https:\/\/friends.se\/ar\/wp-json\/wp\/v2\/types\/product"}],"wp:featuredmedia":[{"embeddable":true,"href":"https:\/\/friends.se\/ar\/wp-json\/wp\/v2\/media\/8641"}],"wp:attachment":[{"href":"https:\/\/friends.se\/ar\/wp-json\/wp\/v2\/media?parent=8638"}],"wp:term":[{"taxonomy":"product_brand","embeddable":true,"href":"https:\/\/friends.se\/ar\/wp-json\/wp\/v2\/product_brand?post=8638"},{"taxonomy":"product_cat","embeddable":true,"href":"https:\/\/friends.se\/ar\/wp-json\/wp\/v2\/product_cat?post=8638"},{"taxonomy":"product_tag","embeddable":true,"href":"https:\/\/friends.se\/ar\/wp-json\/wp\/v2\/product_tag?post=8638"}],"curies":[{"name":"wp","href":"https:\/\/api.w.org\/{rel}","templated":true}]}}