{"id":7846,"date":"2021-05-26T13:35:05","date_gmt":"2021-05-26T11:35:05","guid":{"rendered":"https:\/\/friends.se\/?post_type=product&#038;p=7846"},"modified":"2026-02-03T14:09:43","modified_gmt":"2026-02-03T13:09:43","slug":"snallkalendern","status":"publish","type":"product","link":"https:\/\/friends.se\/ar\/produkt\/snallkalendern\/","title":{"rendered":"Sn\u00e4llkalendern"},"content":{"rendered":"","protected":false},"excerpt":{"rendered":"<h2>Sn\u00e4llkalendern kommer tillbaka vintern 2026<\/h2>\n<p>Sn\u00e4llkalendern \u00e4r en adventskalender som inneh\u00e5ller 24 sn\u00e4lla handlingar. Den riktar sig fr\u00e4mst till barn mellan 5-12 \u00e5r men uppskattas \u00e4ven av f\u00f6r\u00e4ldrar, pedagoger och andra viktiga vuxna. Kalendern \u00e4r en v\u00e4lg\u00f6renhetsprodukt d\u00e4r allt \u00f6verskott g\u00e5r till Friends arbete att stoppa mobbning.<\/p>\n<h3>Vill du bli \u00e5terf\u00f6rs\u00e4ljare?<\/h3>\n<p><a href=\"\/aterforsaljare-snallkalendern-2026\/\"><b>L\u00e4s mer och best\u00e4ll<\/b><\/a><\/p>\n","protected":false},"featured_media":32674,"template":"","meta":{"_acf_changed":false,"_helpful_status":1,"_relevanssi_hide_post":"","_relevanssi_hide_content":"","_relevanssi_pin_for_all":"","_relevanssi_pin_keywords":"","_relevanssi_unpin_keywords":"","_relevanssi_related_keywords":"","_relevanssi_related_include_ids":"","_relevanssi_related_exclude_ids":"","_relevanssi_related_no_append":"","_relevanssi_related_not_related":"","_relevanssi_related_posts":"","_relevanssi_noindex_reason":""},"product_brand":[],"product_cat":[47],"product_tag":[],"class_list":{"0":"post-7846","1":"product","2":"type-product","3":"status-publish","4":"has-post-thumbnail","6":"product_cat-material","8":"first","9":"instock","10":"taxable","11":"shipping-taxable","12":"product-type-simple"},"acf":[],"_links":{"self":[{"href":"https:\/\/friends.se\/ar\/wp-json\/wp\/v2\/product\/7846","targetHints":{"allow":["GET"]}}],"collection":[{"href":"https:\/\/friends.se\/ar\/wp-json\/wp\/v2\/product"}],"about":[{"href":"https:\/\/friends.se\/ar\/wp-json\/wp\/v2\/types\/product"}],"wp:featuredmedia":[{"embeddable":true,"href":"https:\/\/friends.se\/ar\/wp-json\/wp\/v2\/media\/32674"}],"wp:attachment":[{"href":"https:\/\/friends.se\/ar\/wp-json\/wp\/v2\/media?parent=7846"}],"wp:term":[{"taxonomy":"product_brand","embeddable":true,"href":"https:\/\/friends.se\/ar\/wp-json\/wp\/v2\/product_brand?post=7846"},{"taxonomy":"product_cat","embeddable":true,"href":"https:\/\/friends.se\/ar\/wp-json\/wp\/v2\/product_cat?post=7846"},{"taxonomy":"product_tag","embeddable":true,"href":"https:\/\/friends.se\/ar\/wp-json\/wp\/v2\/product_tag?post=7846"}],"curies":[{"name":"wp","href":"https:\/\/api.w.org\/{rel}","templated":true}]}}