{"id":7842,"date":"2021-05-26T11:17:10","date_gmt":"2021-05-26T09:17:10","guid":{"rendered":"https:\/\/friends.se\/?post_type=product&#038;p=7842"},"modified":"2023-06-09T11:22:01","modified_gmt":"2023-06-09T09:22:01","slug":"alfons-vanskapslada","status":"publish","type":"product","link":"https:\/\/friends.se\/ar\/produkt\/alfons-vanskapslada\/","title":{"rendered":"Alfons v\u00e4nskapsl\u00e5da"},"content":{"rendered":"<!DOCTYPE html PUBLIC \"-\/\/W3C\/\/DTD HTML 4.0 Transitional\/\/EN\" \"http:\/\/www.w3.org\/TR\/REC-html40\/loose.dtd\">\n<html><body><p><strong>Inneh&aring;ll:<\/strong><\/p>\n<ul>\n<li>Bok: Alfons och odjuret<\/li>\n<li>Bok: D&auml;r g&aring;r TJUV-Alfons<\/li>\n<li>Bok: mera miner med Alfons<\/li>\n<li>Flanosaga: Vem r&auml;ddar Alfons Aberg?<\/li>\n<li>Bokhandledning: Alfons och odjuret<\/li>\n<li>Bokhandledning: D&auml;r g&aring;r TJUV-Alfons<\/li>\n<li>Bokhandledning: Mera miner med Alfons<\/li>\n<li>Handledning: Vem r&auml;ddar Alfons &Aring;berg?<\/li>\n<li>Alfonsdocka<\/li>\n<li>Barnens pod med Farzad: digital<\/li>\n<li>10 st. stora samtalskort<\/li>\n<li>10 st. kort med f&ouml;r&auml;ldrafr&aring;gor: f&ouml;rpackade i p&aring;se<\/li>\n<li>Affisch med info till f&ouml;r&auml;ldrar<\/li>\n<li>Bild p&aring; Alfons f&ouml;r kopiering och f&auml;rgl&auml;ggning<\/li>\n<li>Bild p&aring; Milla f&ouml;r kopiering och f&auml;rgl&auml;ggning<\/li>\n<li>Sagolik sagolek: metod f&ouml;r gestaltning<\/li>\n<li>Folder med information om Alfons v&auml;nskapsl&aring;da<\/li>\n<\/ul>\n<\/body><\/html>\n","protected":false},"excerpt":{"rendered":"<p><strong>OBS! Den h\u00e4r produkten \u00e4r endast till f\u00f6rs\u00e4ljning f\u00f6r f\u00f6rskolor och grundskolor.<\/strong><\/p>\n<p>Alfons v\u00e4nskapsl\u00e5da inneh\u00e5ller metodmaterial som p\u00e5 ett lekfullt och pedagogiskt s\u00e4tt inkluderar barnen i ert trygghetsarbete. Syftet \u00e4r att fr\u00e4mja en trygg f\u00f6rskola f\u00f6r alla barn. Den passar alla \u00e5ldrar p\u00e5 f\u00f6rskolan men kan ocks\u00e5 anpassas till skolans tidiga \u00e5r.<\/p>\n<h4>Pris<\/h4>\n<p><strong>1495 ex moms<\/strong><\/p>\n<h4><a href=\"https:\/\/friends.se\/bestall-alfons-vanskapslada\/\" target=\"_blank\" rel=\"noopener\">Best\u00e4ll\u00a0Alfons v\u00e4nskapsl\u00e5da<\/a><\/h4>\n","protected":false},"featured_media":8006,"template":"","meta":{"_acf_changed":false,"_helpful_status":1,"_relevanssi_hide_post":"","_relevanssi_hide_content":"","_relevanssi_pin_for_all":"","_relevanssi_pin_keywords":"","_relevanssi_unpin_keywords":"","_relevanssi_related_keywords":"","_relevanssi_related_include_ids":"","_relevanssi_related_exclude_ids":"","_relevanssi_related_no_append":"","_relevanssi_related_not_related":"","_relevanssi_related_posts":"","_relevanssi_noindex_reason":""},"product_brand":[],"product_cat":[46],"product_tag":[],"class_list":{"0":"post-7842","1":"product","2":"type-product","3":"status-publish","4":"has-post-thumbnail","6":"product_cat-alfons","7":"product_shipping_class-hog","9":"first","10":"instock","11":"taxable","12":"shipping-taxable","13":"product-type-simple"},"acf":[],"_links":{"self":[{"href":"https:\/\/friends.se\/ar\/wp-json\/wp\/v2\/product\/7842","targetHints":{"allow":["GET"]}}],"collection":[{"href":"https:\/\/friends.se\/ar\/wp-json\/wp\/v2\/product"}],"about":[{"href":"https:\/\/friends.se\/ar\/wp-json\/wp\/v2\/types\/product"}],"wp:featuredmedia":[{"embeddable":true,"href":"https:\/\/friends.se\/ar\/wp-json\/wp\/v2\/media\/8006"}],"wp:attachment":[{"href":"https:\/\/friends.se\/ar\/wp-json\/wp\/v2\/media?parent=7842"}],"wp:term":[{"taxonomy":"product_brand","embeddable":true,"href":"https:\/\/friends.se\/ar\/wp-json\/wp\/v2\/product_brand?post=7842"},{"taxonomy":"product_cat","embeddable":true,"href":"https:\/\/friends.se\/ar\/wp-json\/wp\/v2\/product_cat?post=7842"},{"taxonomy":"product_tag","embeddable":true,"href":"https:\/\/friends.se\/ar\/wp-json\/wp\/v2\/product_tag?post=7842"}],"curies":[{"name":"wp","href":"https:\/\/api.w.org\/{rel}","templated":true}]}}