{"id":7838,"date":"2021-05-26T11:05:36","date_gmt":"2021-05-26T09:05:36","guid":{"rendered":""},"modified":"2023-11-06T14:31:03","modified_gmt":"2023-11-06T13:31:03","slug":"en-bra-start-pa-resa-mot-en-trygg-forskola","status":"publish","type":"product","link":"https:\/\/friends.se\/ar\/produkt\/en-bra-start-pa-resa-mot-en-trygg-forskola\/","title":{"rendered":"En bra start \u2013 p\u00e5 resa mot en trygg f\u00f6rskola"},"content":{"rendered":"<ul>\n<li><strong>F\u00f6rfattare<\/strong>: Frida Warg<\/li>\n<li><strong>Utgiven<\/strong>: 2013<\/li>\n<li><strong>Grafisk<\/strong> <strong>form<\/strong>: Lobby design<\/li>\n<li><strong>Illustrationer<\/strong>: Jenny Stade<\/li>\n<li><strong>Antal<\/strong> <strong>sidor<\/strong>: 89<\/li>\n<\/ul>\n","protected":false},"excerpt":{"rendered":"<p><strong>En bra start &#8211; p\u00e5 resa mot en trygg f\u00f6rskola<\/strong> handlar om hur en trygg f\u00f6rskola skapas d\u00e4r alla f\u00e5r och tar plats. Arbetss\u00e4tten i boken utg\u00e5r fr\u00e5n de verktyg som pedagoger har tillg\u00e5ng till i sin vardag, som planering av verksamheten, f\u00f6rskolans fysiska milj\u00f6, vuxnas f\u00f6rh\u00e5llningss\u00e4tt och barns lek. Fokus ligger inte p\u00e5 att f\u00f6r\u00e4ndra barnen, utan boken riktar sig till pedagoger som vill utmana sitt eget f\u00f6rh\u00e5llningss\u00e4tt och tillsammans med sina kollegor utveckla sin verksamhet f\u00f6r att ge alla barn en bra start.<\/p>\n<p>Att arbeta i f\u00f6rskolan \u00e4r att p\u00e5verka s\u00e5v\u00e4l nuet som framtiden. Den fantastiska verksamhet som bedrivs i Sveriges f\u00f6rskolor ger barn en bra vardag h\u00e4r och nu, men \u00e4r ocks\u00e5 grunden f\u00f6r ett demokratiskt samh\u00e4lle. F\u00f6rhoppningen \u00e4r att boken ska fungera som underlag f\u00f6r samtal och utveckling, b\u00e5de f\u00f6r dem som jobbar i f\u00f6rskolan och f\u00f6r andra som \u00e4r intresserade av barns trygghet och r\u00e4tt att vara sig sj\u00e4lva.<\/p>\n<h4><a href=\"https:\/\/friends.se\/uploads\/2023\/10\/En-bra-start.pdf\" target=\"_blank\" rel=\"noopener\">Klicka h\u00e4r f\u00f6r att l\u00e4sa boken gratis som PDF<\/a><\/h4>\n<p><strong>Eller k\u00f6p ett fysiskt exemplar nedan.<\/strong><\/p>\n<h4>Best\u00e4ll till f\u00f6retag, skola eller f\u00f6rskola<br \/>\nSkicka ett mejl till <a href=\"mailto:shop@friends.se\">shop@friends.se<\/a><\/h4>\n","protected":false},"featured_media":5926,"template":"","meta":{"_acf_changed":false,"_helpful_status":1,"_relevanssi_hide_post":"","_relevanssi_hide_content":"","_relevanssi_pin_for_all":"","_relevanssi_pin_keywords":"","_relevanssi_unpin_keywords":"","_relevanssi_related_keywords":"","_relevanssi_related_include_ids":"","_relevanssi_related_exclude_ids":"","_relevanssi_related_no_append":"","_relevanssi_related_not_related":"","_relevanssi_related_posts":"","_relevanssi_noindex_reason":""},"product_brand":[],"product_cat":[45],"product_tag":[],"class_list":{"0":"post-7838","1":"product","2":"type-product","3":"status-publish","4":"has-post-thumbnail","6":"product_cat-bocker","7":"product_shipping_class-mellan","9":"first","10":"instock","11":"taxable","12":"shipping-taxable","13":"purchasable","14":"product-type-simple"},"acf":[],"_links":{"self":[{"href":"https:\/\/friends.se\/ar\/wp-json\/wp\/v2\/product\/7838","targetHints":{"allow":["GET"]}}],"collection":[{"href":"https:\/\/friends.se\/ar\/wp-json\/wp\/v2\/product"}],"about":[{"href":"https:\/\/friends.se\/ar\/wp-json\/wp\/v2\/types\/product"}],"wp:featuredmedia":[{"embeddable":true,"href":"https:\/\/friends.se\/ar\/wp-json\/wp\/v2\/media\/5926"}],"wp:attachment":[{"href":"https:\/\/friends.se\/ar\/wp-json\/wp\/v2\/media?parent=7838"}],"wp:term":[{"taxonomy":"product_brand","embeddable":true,"href":"https:\/\/friends.se\/ar\/wp-json\/wp\/v2\/product_brand?post=7838"},{"taxonomy":"product_cat","embeddable":true,"href":"https:\/\/friends.se\/ar\/wp-json\/wp\/v2\/product_cat?post=7838"},{"taxonomy":"product_tag","embeddable":true,"href":"https:\/\/friends.se\/ar\/wp-json\/wp\/v2\/product_tag?post=7838"}],"curies":[{"name":"wp","href":"https:\/\/api.w.org\/{rel}","templated":true}]}}