{"id":7837,"date":"2021-05-26T10:58:39","date_gmt":"2021-05-26T08:58:39","guid":{"rendered":"https:\/\/friends.se\/?post_type=product&#038;p=7837"},"modified":"2023-02-23T17:09:20","modified_gmt":"2023-02-23T16:09:20","slug":"agera-mera-en-antologi-om-mobbning","status":"publish","type":"product","link":"https:\/\/friends.se\/ar\/produkt\/agera-mera-en-antologi-om-mobbning\/","title":{"rendered":"Agera mera &#8211; en antologi om mobbning"},"content":{"rendered":"<!DOCTYPE html PUBLIC \"-\/\/W3C\/\/DTD HTML 4.0 Transitional\/\/EN\" \"http:\/\/www.w3.org\/TR\/REC-html40\/loose.dtd\">\n<html><body><p><strong>Medverkande f&ouml;rfattare<\/strong>: Elin Abelsson, Amy Barnes, Pernilla Bj&ouml;rnsdotter Ackerman, Linda Bonaventura, Juli Coffin, Donna Cross, Melanie Epstein, Erin Erceg, Maja Frankel, Annie Hansson, Nadine Hultman, Bj&ouml;rn Johansson, Henrik Karlsson, Patrick Konde, Michael Kyobe, Helen Monks, Zizipho C. Ndyave, Jennifer Ottestig, Elizabethe Payne, Natasha Pearce, Kevin Runions, Christina Salmivalli, Ther&eacute;se Shaw, Melissa J. Smith, Robert Thornberg, Frida Warg, Ren&eacute; Veenstra, Shoko Yoneyama<\/p>\n<p><strong>Redakt&ouml;rer<\/strong>: Bj&ouml;rn Johansson och Robert Thornberg. Redakt&ouml;r Friends: Linda Bonaventura<\/p>\n<p><strong>Projektledare<\/strong>: Frida Warg<\/p>\n<p><strong>Grafisk design<\/strong>: Karin Bellander<\/p>\n<p><strong>Omslag illustration<\/strong>: Elisabet Ericson<\/p>\n<p><strong>Fotografi, Barn- och ungdomsr&aring;det<\/strong>: Jennifer S&ouml;derlund<\/p>\n<p><strong>&Ouml;vers&auml;ttning<\/strong>: Hero tolk, Patrick Konde och Frida Warg<\/p>\n<p><strong>Utgiven<\/strong>: &nbsp;2020<\/p>\n<p><strong>IBSN<\/strong>: 978-91-519-4613-9<\/p>\n<\/body><\/html>\n","protected":false},"excerpt":{"rendered":"<p>Mobbning\u00a0 uppst\u00e5r\u00a0 inte\u00a0 i\u00a0 ett\u00a0 vacuum.\u00a0 Det\u00a0 \u00e4r\u00a0 inte\u00a0 ett\u00a0 lotteri. Kunskap\u00a0 b\u00e5de om mobbningens orsaker och hur den kan f\u00f6rebyggas har \u00f6kat radikalt\u00a0 de\u00a0 senaste\u00a0 \u00e5rtiondena. Vi vet mer om mobbning idag \u00e4n vi n\u00e5gonsin gjort f\u00f6rr \u2013 det \u00e4r centralt f\u00f6r att kunna tillgodose barns och ungas r\u00e4ttigheter. Att den kunskap som finns om mobbning kommer ut till de som arbetar med och f\u00f6r barn och unga \u00e4r absolut n\u00f6dv\u00e4ndigt, och f\u00f6rhoppningen \u00e4r att den h\u00e4r antologin kan bidra till en f\u00f6rdjupad diskussion och inspirerande l\u00e4sning.<\/p>\n<p>I den h\u00e4r boken delar internationellt erk\u00e4nda forskare med sig av resultat fr\u00e5n sina olika perspektiv. Forskarnas bidrag inleds med kapitelpresentationer av sakkunniga p\u00e5 Friends. Kapitlen varvas med ber\u00e4ttelser fr\u00e5n medlemmar i Friends Barn &#8211; och ungdomsr\u00e5d som beskriver sina upplevelser av mobbning.<\/p>\n<h4><a href=\"https:\/\/stiftelsenfriends.sharepoint.com\/:b:\/s\/Delatmaterial\/EWTABXZb0BBFuF7wWxp1GHABukbh5d9XcnWfzfV0Ysqhag?e=he8pKk\" target=\"_blank\" rel=\"noopener\">Klicka h\u00e4r f\u00f6r att l\u00e4sa boken gratis som PDF<\/a><\/h4>\n<p><strong>Eller k\u00f6p ett fysiskt exemplar nedan<\/strong><\/p>\n<h4>Best\u00e4ll som f\u00f6retag, skola eller f\u00f6rskola<br \/>\nSkicka ett mejl till <a href=\"mailto:shop@friends.se\">shop@friends.se<\/a><\/h4>\n","protected":false},"featured_media":6392,"template":"","meta":{"_acf_changed":false,"_helpful_status":1,"_relevanssi_hide_post":"","_relevanssi_hide_content":"","_relevanssi_pin_for_all":"","_relevanssi_pin_keywords":"","_relevanssi_unpin_keywords":"","_relevanssi_related_keywords":"","_relevanssi_related_include_ids":"","_relevanssi_related_exclude_ids":"","_relevanssi_related_no_append":"","_relevanssi_related_not_related":"","_relevanssi_related_posts":"","_relevanssi_noindex_reason":""},"product_brand":[],"product_cat":[45],"product_tag":[],"class_list":{"0":"post-7837","1":"product","2":"type-product","3":"status-publish","4":"has-post-thumbnail","6":"product_cat-bocker","7":"product_shipping_class-mellan","9":"first","10":"instock","11":"taxable","12":"shipping-taxable","13":"purchasable","14":"product-type-simple"},"acf":[],"_links":{"self":[{"href":"https:\/\/friends.se\/ar\/wp-json\/wp\/v2\/product\/7837","targetHints":{"allow":["GET"]}}],"collection":[{"href":"https:\/\/friends.se\/ar\/wp-json\/wp\/v2\/product"}],"about":[{"href":"https:\/\/friends.se\/ar\/wp-json\/wp\/v2\/types\/product"}],"wp:featuredmedia":[{"embeddable":true,"href":"https:\/\/friends.se\/ar\/wp-json\/wp\/v2\/media\/6392"}],"wp:attachment":[{"href":"https:\/\/friends.se\/ar\/wp-json\/wp\/v2\/media?parent=7837"}],"wp:term":[{"taxonomy":"product_brand","embeddable":true,"href":"https:\/\/friends.se\/ar\/wp-json\/wp\/v2\/product_brand?post=7837"},{"taxonomy":"product_cat","embeddable":true,"href":"https:\/\/friends.se\/ar\/wp-json\/wp\/v2\/product_cat?post=7837"},{"taxonomy":"product_tag","embeddable":true,"href":"https:\/\/friends.se\/ar\/wp-json\/wp\/v2\/product_tag?post=7837"}],"curies":[{"name":"wp","href":"https:\/\/api.w.org\/{rel}","templated":true}]}}