{"id":7824,"date":"2021-05-26T09:43:47","date_gmt":"2021-05-26T07:43:47","guid":{"rendered":"https:\/\/friends.se\/?post_type=product&#038;p=7824"},"modified":"2024-06-12T15:04:17","modified_gmt":"2024-06-12T13:04:17","slug":"hej-pin","status":"publish","type":"product","link":"https:\/\/friends.se\/ar\/produkt\/hej-pin\/","title":{"rendered":"Hej-pin"},"content":{"rendered":"<ul>\n<li>F\u00e4sts med en stark magnet p\u00e5 baksidan s\u00e5 att du slipper sticka h\u00e5l p\u00e5 kl\u00e4derna.<\/li>\n<li>V\u00e4lj mellan tv\u00e5 f\u00e4rger: gul bakgrund med r\u00f6d text eller r\u00f6d bakgrund med gul text.<\/li>\n<li>En pin har m\u00e5ttet 17 x 17 mm.<\/li>\n<\/ul>\n","protected":false},"excerpt":{"rendered":"<p>Hej \u00e4r ett litet ord som g\u00f6r stor skillnad. N\u00e4r du b\u00e4r en Hej-pin visar du att du tar st\u00e4llning mot mobbning och diskriminering.<\/p>\n<p>Tillsammans kan vi stoppa mobbning!<\/p>\n<h4>Best\u00e4ll som f\u00f6retag, skola eller f\u00f6rskola: skicka ett mejl till <a href=\"mailto:shop@friends.se\">shop@friends.se<\/a><\/h4>\n<p>Du kan ocks\u00e5 k\u00f6pa hej-pins hos <a href=\"https:\/\/www.apotea.se\/friends-hej-pin\" target=\"_blank\" rel=\"noopener\"><strong>Apotea<\/strong><\/a><\/p>\n","protected":false},"featured_media":7826,"template":"","meta":{"_acf_changed":false,"_helpful_status":1,"_relevanssi_hide_post":"","_relevanssi_hide_content":"","_relevanssi_pin_for_all":"","_relevanssi_pin_keywords":"","_relevanssi_unpin_keywords":"","_relevanssi_related_keywords":"","_relevanssi_related_include_ids":"","_relevanssi_related_exclude_ids":"","_relevanssi_related_no_append":"","_relevanssi_related_not_related":"","_relevanssi_related_posts":"","_relevanssi_noindex_reason":""},"product_brand":[],"product_cat":[44],"product_tag":[],"class_list":{"0":"post-7824","1":"product","2":"type-product","3":"status-publish","4":"has-post-thumbnail","6":"product_cat-pins","7":"product_shipping_class-lag","9":"first","10":"instock","11":"taxable","12":"shipping-taxable","13":"purchasable","14":"product-type-variable"},"acf":[],"_links":{"self":[{"href":"https:\/\/friends.se\/ar\/wp-json\/wp\/v2\/product\/7824","targetHints":{"allow":["GET"]}}],"collection":[{"href":"https:\/\/friends.se\/ar\/wp-json\/wp\/v2\/product"}],"about":[{"href":"https:\/\/friends.se\/ar\/wp-json\/wp\/v2\/types\/product"}],"wp:featuredmedia":[{"embeddable":true,"href":"https:\/\/friends.se\/ar\/wp-json\/wp\/v2\/media\/7826"}],"wp:attachment":[{"href":"https:\/\/friends.se\/ar\/wp-json\/wp\/v2\/media?parent=7824"}],"wp:term":[{"taxonomy":"product_brand","embeddable":true,"href":"https:\/\/friends.se\/ar\/wp-json\/wp\/v2\/product_brand?post=7824"},{"taxonomy":"product_cat","embeddable":true,"href":"https:\/\/friends.se\/ar\/wp-json\/wp\/v2\/product_cat?post=7824"},{"taxonomy":"product_tag","embeddable":true,"href":"https:\/\/friends.se\/ar\/wp-json\/wp\/v2\/product_tag?post=7824"}],"curies":[{"name":"wp","href":"https:\/\/api.w.org\/{rel}","templated":true}]}}