{"id":33397,"date":"2026-04-13T15:13:23","date_gmt":"2026-04-13T13:13:23","guid":{"rendered":"https:\/\/friends.se\/?post_type=product&#038;p=33397"},"modified":"2026-04-13T15:31:42","modified_gmt":"2026-04-13T13:31:42","slug":"friends-heart-bracelet","status":"publish","type":"product","link":"https:\/\/friends.se\/ar\/produkt\/friends-heart-bracelet\/","title":{"rendered":"Friends heart bracelet"},"content":{"rendered":"<ul>\n<li>Handgjort i 925 sterlingsilver, 100% \u00e5tervunnet<\/li>\n<li>18K guldpl\u00e4tering<\/li>\n<li>Oval kedja med hj\u00e4rtberlock<\/li>\n<li>F\u00f6r varje s\u00e5lt armband doneras 100 kr till Friends viktiga arbete<\/li>\n<\/ul>\n","protected":false},"excerpt":{"rendered":"<p>Ett armband designat av Syster P i syfte att st\u00f6dja Friends arbete. F\u00f6r varje s\u00e5lt armband g\u00e5r 100 kr till Friends.<\/p>\n<h3>Vad som g\u00f6r det speciellt<\/h3>\n<p>Armbandet \u00e4r designat f\u00f6r att sprida kunskap om mobbning och p\u00e5verka attityder i samh\u00e4llet f\u00f6r att skapa en tryggare milj\u00f6 f\u00f6r barn och unga. Det tidl\u00f6sa hj\u00e4rtarmbandet har ett meningsfullt syfte och \u00e4r lika fint att ge bort i present som att beh\u00e5lla sj\u00e4lv.<\/p>\n<p>Den n\u00e4tta ovala kedjan \u00e4r handgjort i 925 sterlingsilver, 100% \u00e5tervunnet, pl\u00e4terat med 18K guld. Dekorerad med ett litet hamrat asymmetriskt hj\u00e4rta \u2013 en vardaglig symbol f\u00f6r k\u00e4rlek och v\u00e4nskap. Ett vackert armband med ett starkt budskap.<\/p>\n<h4><a href=\"https:\/\/systerp.com\/products\/friends-heart-bracelet-gold\" target=\"_blank\" rel=\"noopener\">K\u00f6p armbandet hos Syster P<\/a><\/h4>\n","protected":false},"featured_media":33407,"template":"","meta":{"_acf_changed":false,"_helpful_status":1,"_relevanssi_hide_post":"","_relevanssi_hide_content":"","_relevanssi_pin_for_all":"","_relevanssi_pin_keywords":"","_relevanssi_unpin_keywords":"","_relevanssi_related_keywords":"","_relevanssi_related_include_ids":"","_relevanssi_related_exclude_ids":"","_relevanssi_related_no_append":"","_relevanssi_related_not_related":"","_relevanssi_related_posts":"","_relevanssi_noindex_reason":""},"product_brand":[],"product_cat":[49],"product_tag":[],"class_list":{"0":"post-33397","1":"product","2":"type-product","3":"status-publish","4":"has-post-thumbnail","6":"product_cat-saljs-till-forman-for-friends","8":"first","9":"instock","10":"taxable","11":"shipping-taxable","12":"product-type-simple"},"acf":[],"_links":{"self":[{"href":"https:\/\/friends.se\/ar\/wp-json\/wp\/v2\/product\/33397","targetHints":{"allow":["GET"]}}],"collection":[{"href":"https:\/\/friends.se\/ar\/wp-json\/wp\/v2\/product"}],"about":[{"href":"https:\/\/friends.se\/ar\/wp-json\/wp\/v2\/types\/product"}],"wp:featuredmedia":[{"embeddable":true,"href":"https:\/\/friends.se\/ar\/wp-json\/wp\/v2\/media\/33407"}],"wp:attachment":[{"href":"https:\/\/friends.se\/ar\/wp-json\/wp\/v2\/media?parent=33397"}],"wp:term":[{"taxonomy":"product_brand","embeddable":true,"href":"https:\/\/friends.se\/ar\/wp-json\/wp\/v2\/product_brand?post=33397"},{"taxonomy":"product_cat","embeddable":true,"href":"https:\/\/friends.se\/ar\/wp-json\/wp\/v2\/product_cat?post=33397"},{"taxonomy":"product_tag","embeddable":true,"href":"https:\/\/friends.se\/ar\/wp-json\/wp\/v2\/product_tag?post=33397"}],"curies":[{"name":"wp","href":"https:\/\/api.w.org\/{rel}","templated":true}]}}