{"id":18162,"date":"2023-02-27T10:04:36","date_gmt":"2023-02-27T09:04:36","guid":{"rendered":"https:\/\/friends.se\/?post_type=product&#038;p=18162"},"modified":"2025-04-17T09:47:23","modified_gmt":"2025-04-17T07:47:23","slug":"posters-fran-kunskapstavlan","status":"publish","type":"product","link":"https:\/\/friends.se\/ar\/produkt\/posters-fran-kunskapstavlan\/","title":{"rendered":"Posters fr\u00e5n Kunskapstavlan"},"content":{"rendered":"<p>Den h\u00e4r produkten s\u00e4ljs f\u00f6r att st\u00f6tta Friends verksamhet och v\u00e5r vision om en v\u00e4rld d\u00e4r varje barn v\u00e4xer upp utan mobbning och kr\u00e4nkningar. F\u00f6r varje s\u00e5ld poster g\u00e5r 3% till Friends.<\/p>\n","protected":false},"excerpt":{"rendered":"<p>Kunskapstavlan har tillsammans med Friends tagit fram ett antal posters med olika viktiga teman s\u00e5som v\u00e4nskap och normer.<\/p>\n<h4><a href=\"https:\/\/kunskapstavlan.se\/collections\/en-bra-kompis-i-samarbete-med-friends\" target=\"_blank\" rel=\"noopener\">K\u00f6p tavlorna hos Kunskapstavlan<\/a><\/h4>\n","protected":false},"featured_media":18163,"template":"","meta":{"_acf_changed":false,"_helpful_status":1,"_relevanssi_hide_post":"","_relevanssi_hide_content":"","_relevanssi_pin_for_all":"","_relevanssi_pin_keywords":"","_relevanssi_unpin_keywords":"","_relevanssi_related_keywords":"","_relevanssi_related_include_ids":"","_relevanssi_related_exclude_ids":"","_relevanssi_related_no_append":"","_relevanssi_related_not_related":"","_relevanssi_related_posts":"","_relevanssi_noindex_reason":""},"product_brand":[],"product_cat":[49],"product_tag":[],"class_list":{"0":"post-18162","1":"product","2":"type-product","3":"status-publish","4":"has-post-thumbnail","6":"product_cat-saljs-till-forman-for-friends","8":"first","9":"instock","10":"taxable","11":"shipping-taxable","12":"product-type-simple"},"acf":[],"_links":{"self":[{"href":"https:\/\/friends.se\/ar\/wp-json\/wp\/v2\/product\/18162","targetHints":{"allow":["GET"]}}],"collection":[{"href":"https:\/\/friends.se\/ar\/wp-json\/wp\/v2\/product"}],"about":[{"href":"https:\/\/friends.se\/ar\/wp-json\/wp\/v2\/types\/product"}],"wp:featuredmedia":[{"embeddable":true,"href":"https:\/\/friends.se\/ar\/wp-json\/wp\/v2\/media\/18163"}],"wp:attachment":[{"href":"https:\/\/friends.se\/ar\/wp-json\/wp\/v2\/media?parent=18162"}],"wp:term":[{"taxonomy":"product_brand","embeddable":true,"href":"https:\/\/friends.se\/ar\/wp-json\/wp\/v2\/product_brand?post=18162"},{"taxonomy":"product_cat","embeddable":true,"href":"https:\/\/friends.se\/ar\/wp-json\/wp\/v2\/product_cat?post=18162"},{"taxonomy":"product_tag","embeddable":true,"href":"https:\/\/friends.se\/ar\/wp-json\/wp\/v2\/product_tag?post=18162"}],"curies":[{"name":"wp","href":"https:\/\/api.w.org\/{rel}","templated":true}]}}