{"id":17713,"date":"2023-01-16T14:19:21","date_gmt":"2023-01-16T13:19:21","guid":{"rendered":""},"modified":"2023-07-11T10:43:08","modified_gmt":"2023-07-11T08:43:08","slug":"affisch-kompistips-for-klassen","status":"publish","type":"product","link":"https:\/\/friends.se\/ar\/produkt\/affisch-kompistips-for-klassen\/","title":{"rendered":"Affisch: Kompistips f\u00f6r klassen"},"content":{"rendered":"<p>Affisch i A3-format som du skriver ut sj\u00e4lv.<\/p>\n","protected":false},"excerpt":{"rendered":"<p>Att vara en bra kompis kan l\u00e5ta l\u00e4tt, men ibland beh\u00f6ver vi p\u00e5minna oss sj\u00e4lva om att sm\u00e5 saker kan g\u00f6ra stor skillnad f\u00f6r andra. F\u00f6r den som \u00e4r ensam eller mobbad kan ett litet hej betyda allt.<\/p>\n<p>Anv\u00e4nd denna affisch i klassrummet som en start f\u00f6r ett samtal om hur en bra kompis kan vara. Hur g\u00f6r vi f\u00f6r att alla ska f\u00e5 ett \u201dhej\u201d varje dag, tr\u00f6sta den som \u00e4r ledsen och hur man s\u00e4ger f\u00f6rl\u00e5t?<\/p>\n<p>Detta \u00e4r en affisch i digitalt format som du skriver ut sj\u00e4lv.<\/p>\n<h3><a href=\"https:\/\/friends.se\/uploads\/2023\/01\/Kompistips-fo\u0308r-klassen.pdf\" target=\"_blank\" rel=\"noopener\">Ladda ned affischen h\u00e4r<\/a><\/h3>\n","protected":false},"featured_media":17704,"template":"","meta":{"_acf_changed":false,"_helpful_status":1,"_relevanssi_hide_post":"","_relevanssi_hide_content":"","_relevanssi_pin_for_all":"","_relevanssi_pin_keywords":"","_relevanssi_unpin_keywords":"","_relevanssi_related_keywords":"","_relevanssi_related_include_ids":"","_relevanssi_related_exclude_ids":"","_relevanssi_related_no_append":"","_relevanssi_related_not_related":"","_relevanssi_related_posts":"","_relevanssi_noindex_reason":""},"product_brand":[],"product_cat":[47],"product_tag":[],"class_list":{"0":"post-17713","1":"product","2":"type-product","3":"status-publish","4":"has-post-thumbnail","6":"product_cat-material","8":"first","9":"instock","10":"taxable","11":"shipping-taxable","12":"product-type-simple"},"acf":[],"_links":{"self":[{"href":"https:\/\/friends.se\/ar\/wp-json\/wp\/v2\/product\/17713","targetHints":{"allow":["GET"]}}],"collection":[{"href":"https:\/\/friends.se\/ar\/wp-json\/wp\/v2\/product"}],"about":[{"href":"https:\/\/friends.se\/ar\/wp-json\/wp\/v2\/types\/product"}],"wp:featuredmedia":[{"embeddable":true,"href":"https:\/\/friends.se\/ar\/wp-json\/wp\/v2\/media\/17704"}],"wp:attachment":[{"href":"https:\/\/friends.se\/ar\/wp-json\/wp\/v2\/media?parent=17713"}],"wp:term":[{"taxonomy":"product_brand","embeddable":true,"href":"https:\/\/friends.se\/ar\/wp-json\/wp\/v2\/product_brand?post=17713"},{"taxonomy":"product_cat","embeddable":true,"href":"https:\/\/friends.se\/ar\/wp-json\/wp\/v2\/product_cat?post=17713"},{"taxonomy":"product_tag","embeddable":true,"href":"https:\/\/friends.se\/ar\/wp-json\/wp\/v2\/product_tag?post=17713"}],"curies":[{"name":"wp","href":"https:\/\/api.w.org\/{rel}","templated":true}]}}