{"id":950,"date":"2018-12-17T12:02:59","date_gmt":"2018-12-17T12:02:59","guid":{"rendered":"https:\/\/friends.se\/?page_id=950"},"modified":"2026-02-11T15:47:19","modified_gmt":"2026-02-11T14:47:19","slug":"friends-styrelse","status":"publish","type":"page","link":"https:\/\/friends.se\/ar\/kontakta-oss\/friends-styrelse\/","title":{"rendered":"Friends styrelse"},"content":{"rendered":"","protected":false},"excerpt":{"rendered":"<p>Friends styrelse ansvarar f\u00f6r den strategiska ledningen av stiftelsen och arbetar helt ideellt, det vill s\u00e4ga utan n\u00e5gon form av ers\u00e4ttning.<\/p>\n","protected":false},"author":3,"featured_media":0,"parent":1274,"menu_order":0,"comment_status":"closed","ping_status":"closed","template":"","meta":{"_acf_changed":false,"_helpful_status":1,"_relevanssi_hide_post":"","_relevanssi_hide_content":"","_relevanssi_pin_for_all":"","_relevanssi_pin_keywords":"","_relevanssi_unpin_keywords":"","_relevanssi_related_keywords":"","_relevanssi_related_include_ids":"","_relevanssi_related_exclude_ids":"","_relevanssi_related_no_append":"","_relevanssi_related_not_related":"","_relevanssi_related_posts":"","_relevanssi_noindex_reason":"","footnotes":""},"categories":[112],"tags":[],"simple-restrict-permission":[],"class_list":["post-950","page","type-page","status-publish","hentry","category-om-friends"],"acf":[],"_links":{"self":[{"href":"https:\/\/friends.se\/ar\/wp-json\/wp\/v2\/pages\/950","targetHints":{"allow":["GET"]}}],"collection":[{"href":"https:\/\/friends.se\/ar\/wp-json\/wp\/v2\/pages"}],"about":[{"href":"https:\/\/friends.se\/ar\/wp-json\/wp\/v2\/types\/page"}],"author":[{"embeddable":true,"href":"https:\/\/friends.se\/ar\/wp-json\/wp\/v2\/users\/3"}],"replies":[{"embeddable":true,"href":"https:\/\/friends.se\/ar\/wp-json\/wp\/v2\/comments?post=950"}],"version-history":[{"count":13,"href":"https:\/\/friends.se\/ar\/wp-json\/wp\/v2\/pages\/950\/revisions"}],"predecessor-version":[{"id":32891,"href":"https:\/\/friends.se\/ar\/wp-json\/wp\/v2\/pages\/950\/revisions\/32891"}],"up":[{"embeddable":true,"href":"https:\/\/friends.se\/ar\/wp-json\/wp\/v2\/pages\/1274"}],"wp:attachment":[{"href":"https:\/\/friends.se\/ar\/wp-json\/wp\/v2\/media?parent=950"}],"wp:term":[{"taxonomy":"category","embeddable":true,"href":"https:\/\/friends.se\/ar\/wp-json\/wp\/v2\/categories?post=950"},{"taxonomy":"post_tag","embeddable":true,"href":"https:\/\/friends.se\/ar\/wp-json\/wp\/v2\/tags?post=950"},{"taxonomy":"simple-restrict-permission","embeddable":true,"href":"https:\/\/friends.se\/ar\/wp-json\/wp\/v2\/simple-restrict-permission?post=950"}],"curies":[{"name":"wp","href":"https:\/\/api.w.org\/{rel}","templated":true}]}}