{"id":638,"date":"2018-12-10T13:06:14","date_gmt":"2018-12-10T13:06:14","guid":{"rendered":"https:\/\/friends.se\/?page_id=638"},"modified":"2026-02-03T13:05:37","modified_gmt":"2026-02-03T12:05:37","slug":"styrdokument-och-riktlinjer","status":"publish","type":"page","link":"https:\/\/friends.se\/ar\/styrdokument-och-riktlinjer\/","title":{"rendered":"Styrdokument och riktlinjer"},"content":{"rendered":"","protected":false},"excerpt":{"rendered":"<p>Friends \u00e4r medlem i Giva Sverige och granskas av Svensk Insamlingskontroll. L\u00e4s v\u00e5r integritetspolicy och allm\u00e4nna villkor f\u00f6r webbshoppen.<\/p>\n","protected":false},"author":3,"featured_media":0,"parent":0,"menu_order":0,"comment_status":"closed","ping_status":"closed","template":"","meta":{"_acf_changed":false,"_helpful_status":1,"_relevanssi_hide_post":"","_relevanssi_hide_content":"","_relevanssi_pin_for_all":"","_relevanssi_pin_keywords":"","_relevanssi_unpin_keywords":"","_relevanssi_related_keywords":"","_relevanssi_related_include_ids":"","_relevanssi_related_exclude_ids":"","_relevanssi_related_no_append":"","_relevanssi_related_not_related":"","_relevanssi_related_posts":"","_relevanssi_noindex_reason":"","footnotes":""},"categories":[112],"tags":[],"simple-restrict-permission":[],"class_list":["post-638","page","type-page","status-publish","hentry","category-om-friends"],"acf":[],"_links":{"self":[{"href":"https:\/\/friends.se\/ar\/wp-json\/wp\/v2\/pages\/638","targetHints":{"allow":["GET"]}}],"collection":[{"href":"https:\/\/friends.se\/ar\/wp-json\/wp\/v2\/pages"}],"about":[{"href":"https:\/\/friends.se\/ar\/wp-json\/wp\/v2\/types\/page"}],"author":[{"embeddable":true,"href":"https:\/\/friends.se\/ar\/wp-json\/wp\/v2\/users\/3"}],"replies":[{"embeddable":true,"href":"https:\/\/friends.se\/ar\/wp-json\/wp\/v2\/comments?post=638"}],"version-history":[{"count":11,"href":"https:\/\/friends.se\/ar\/wp-json\/wp\/v2\/pages\/638\/revisions"}],"predecessor-version":[{"id":32655,"href":"https:\/\/friends.se\/ar\/wp-json\/wp\/v2\/pages\/638\/revisions\/32655"}],"wp:attachment":[{"href":"https:\/\/friends.se\/ar\/wp-json\/wp\/v2\/media?parent=638"}],"wp:term":[{"taxonomy":"category","embeddable":true,"href":"https:\/\/friends.se\/ar\/wp-json\/wp\/v2\/categories?post=638"},{"taxonomy":"post_tag","embeddable":true,"href":"https:\/\/friends.se\/ar\/wp-json\/wp\/v2\/tags?post=638"},{"taxonomy":"simple-restrict-permission","embeddable":true,"href":"https:\/\/friends.se\/ar\/wp-json\/wp\/v2\/simple-restrict-permission?post=638"}],"curies":[{"name":"wp","href":"https:\/\/api.w.org\/{rel}","templated":true}]}}