{"id":3483,"date":"2019-08-08T10:35:03","date_gmt":"2019-08-08T08:35:03","guid":{"rendered":"https:\/\/friends.se\/?page_id=3483"},"modified":"2026-02-09T10:53:01","modified_gmt":"2026-02-09T09:53:01","slug":"snallkalendern","status":"publish","type":"page","link":"https:\/\/friends.se\/ar\/snallkalendern\/","title":{"rendered":"Sn\u00e4llkalendern"},"content":{"rendered":"","protected":false},"excerpt":{"rendered":"<p>Friends Sn\u00e4llkalender inspirerar dig att g\u00f6ra n\u00e5got sn\u00e4llt varje dag fram till jul. <\/p>\n","protected":false},"author":3,"featured_media":0,"parent":0,"menu_order":0,"comment_status":"closed","ping_status":"closed","template":"","meta":{"_acf_changed":false,"_helpful_status":1,"_relevanssi_hide_post":"","_relevanssi_hide_content":"","_relevanssi_pin_for_all":"","_relevanssi_pin_keywords":"","_relevanssi_unpin_keywords":"","_relevanssi_related_keywords":"","_relevanssi_related_include_ids":"","_relevanssi_related_exclude_ids":"","_relevanssi_related_no_append":"","_relevanssi_related_not_related":"","_relevanssi_related_posts":"","_relevanssi_noindex_reason":"","footnotes":""},"categories":[111],"tags":[],"simple-restrict-permission":[],"class_list":["post-3483","page","type-page","status-publish","hentry","category-vara-projekt"],"acf":[],"_links":{"self":[{"href":"https:\/\/friends.se\/ar\/wp-json\/wp\/v2\/pages\/3483","targetHints":{"allow":["GET"]}}],"collection":[{"href":"https:\/\/friends.se\/ar\/wp-json\/wp\/v2\/pages"}],"about":[{"href":"https:\/\/friends.se\/ar\/wp-json\/wp\/v2\/types\/page"}],"author":[{"embeddable":true,"href":"https:\/\/friends.se\/ar\/wp-json\/wp\/v2\/users\/3"}],"replies":[{"embeddable":true,"href":"https:\/\/friends.se\/ar\/wp-json\/wp\/v2\/comments?post=3483"}],"version-history":[{"count":12,"href":"https:\/\/friends.se\/ar\/wp-json\/wp\/v2\/pages\/3483\/revisions"}],"predecessor-version":[{"id":32831,"href":"https:\/\/friends.se\/ar\/wp-json\/wp\/v2\/pages\/3483\/revisions\/32831"}],"wp:attachment":[{"href":"https:\/\/friends.se\/ar\/wp-json\/wp\/v2\/media?parent=3483"}],"wp:term":[{"taxonomy":"category","embeddable":true,"href":"https:\/\/friends.se\/ar\/wp-json\/wp\/v2\/categories?post=3483"},{"taxonomy":"post_tag","embeddable":true,"href":"https:\/\/friends.se\/ar\/wp-json\/wp\/v2\/tags?post=3483"},{"taxonomy":"simple-restrict-permission","embeddable":true,"href":"https:\/\/friends.se\/ar\/wp-json\/wp\/v2\/simple-restrict-permission?post=3483"}],"curies":[{"name":"wp","href":"https:\/\/api.w.org\/{rel}","templated":true}]}}