{"id":28849,"date":"2025-03-19T12:00:06","date_gmt":"2025-03-19T11:00:06","guid":{"rendered":"https:\/\/friends.se\/?page_id=28849"},"modified":"2025-09-15T14:40:54","modified_gmt":"2025-09-15T12:40:54","slug":"lar-dig-mer-om-mobbning","status":"publish","type":"page","link":"https:\/\/friends.se\/ar\/lar-dig-mer-om-mobbning\/","title":{"rendered":"L\u00e4r dig mer om mobbning"},"content":{"rendered":"","protected":false},"excerpt":{"rendered":"<p>F\u00f6r att stoppa mobbning beh\u00f6ver var och en av oss mer kunskap om vad mobbning \u00e4r, hur det uppst\u00e5r och vad vi kan g\u00f6ra f\u00f6r att motverka det.  <\/p>\n","protected":false},"author":3,"featured_media":8454,"parent":0,"menu_order":0,"comment_status":"closed","ping_status":"closed","template":"","meta":{"_acf_changed":false,"_helpful_status":1,"_relevanssi_hide_post":"","_relevanssi_hide_content":"","_relevanssi_pin_for_all":"","_relevanssi_pin_keywords":"","_relevanssi_unpin_keywords":"","_relevanssi_related_keywords":"","_relevanssi_related_include_ids":"","_relevanssi_related_exclude_ids":"","_relevanssi_related_no_append":"","_relevanssi_related_not_related":"","_relevanssi_related_posts":"","_relevanssi_noindex_reason":"","footnotes":""},"categories":[],"tags":[],"simple-restrict-permission":[],"class_list":["post-28849","page","type-page","status-publish","has-post-thumbnail","hentry"],"acf":[],"_links":{"self":[{"href":"https:\/\/friends.se\/ar\/wp-json\/wp\/v2\/pages\/28849","targetHints":{"allow":["GET"]}}],"collection":[{"href":"https:\/\/friends.se\/ar\/wp-json\/wp\/v2\/pages"}],"about":[{"href":"https:\/\/friends.se\/ar\/wp-json\/wp\/v2\/types\/page"}],"author":[{"embeddable":true,"href":"https:\/\/friends.se\/ar\/wp-json\/wp\/v2\/users\/3"}],"replies":[{"embeddable":true,"href":"https:\/\/friends.se\/ar\/wp-json\/wp\/v2\/comments?post=28849"}],"version-history":[{"count":10,"href":"https:\/\/friends.se\/ar\/wp-json\/wp\/v2\/pages\/28849\/revisions"}],"predecessor-version":[{"id":30583,"href":"https:\/\/friends.se\/ar\/wp-json\/wp\/v2\/pages\/28849\/revisions\/30583"}],"wp:featuredmedia":[{"embeddable":true,"href":"https:\/\/friends.se\/ar\/wp-json\/wp\/v2\/media\/8454"}],"wp:attachment":[{"href":"https:\/\/friends.se\/ar\/wp-json\/wp\/v2\/media?parent=28849"}],"wp:term":[{"taxonomy":"category","embeddable":true,"href":"https:\/\/friends.se\/ar\/wp-json\/wp\/v2\/categories?post=28849"},{"taxonomy":"post_tag","embeddable":true,"href":"https:\/\/friends.se\/ar\/wp-json\/wp\/v2\/tags?post=28849"},{"taxonomy":"simple-restrict-permission","embeddable":true,"href":"https:\/\/friends.se\/ar\/wp-json\/wp\/v2\/simple-restrict-permission?post=28849"}],"curies":[{"name":"wp","href":"https:\/\/api.w.org\/{rel}","templated":true}]}}