{"id":26487,"date":"2024-09-05T12:57:35","date_gmt":"2024-09-05T10:57:35","guid":{"rendered":"https:\/\/friends.se\/?page_id=26487"},"modified":"2026-02-20T16:27:23","modified_gmt":"2026-02-20T15:27:23","slug":"hur-hanterar-jag-stress","status":"publish","type":"page","link":"https:\/\/friends.se\/ar\/kunskapsbanken\/barn-och-unga\/hur-hanterar-jag-stress\/","title":{"rendered":"Hur hanterar jag stress?"},"content":{"rendered":"","protected":false},"excerpt":{"rendered":"<p>Barn och unga som \u00e4r utsatta f\u00f6r mobbning, eller som oroar sig f\u00f6r att bli utsatta, riskerar att bli mer p\u00e5verkade av stress. H\u00e4r kommer n\u00e5gra tips p\u00e5 vad du kan g\u00f6ra f\u00f6r att hantera stress.<\/p>\n","protected":false},"author":3,"featured_media":26780,"parent":11325,"menu_order":0,"comment_status":"closed","ping_status":"closed","template":"","meta":{"_acf_changed":false,"_helpful_status":1,"_relevanssi_hide_post":"","_relevanssi_hide_content":"","_relevanssi_pin_for_all":"","_relevanssi_pin_keywords":"","_relevanssi_unpin_keywords":"","_relevanssi_related_keywords":"","_relevanssi_related_include_ids":"","_relevanssi_related_exclude_ids":"","_relevanssi_related_no_append":"","_relevanssi_related_not_related":"","_relevanssi_related_posts":"","_relevanssi_noindex_reason":"","footnotes":""},"categories":[90],"tags":[],"simple-restrict-permission":[],"class_list":["post-26487","page","type-page","status-publish","has-post-thumbnail","hentry","category-barn-och-unga-ar"],"acf":[],"_links":{"self":[{"href":"https:\/\/friends.se\/ar\/wp-json\/wp\/v2\/pages\/26487","targetHints":{"allow":["GET"]}}],"collection":[{"href":"https:\/\/friends.se\/ar\/wp-json\/wp\/v2\/pages"}],"about":[{"href":"https:\/\/friends.se\/ar\/wp-json\/wp\/v2\/types\/page"}],"author":[{"embeddable":true,"href":"https:\/\/friends.se\/ar\/wp-json\/wp\/v2\/users\/3"}],"replies":[{"embeddable":true,"href":"https:\/\/friends.se\/ar\/wp-json\/wp\/v2\/comments?post=26487"}],"version-history":[{"count":8,"href":"https:\/\/friends.se\/ar\/wp-json\/wp\/v2\/pages\/26487\/revisions"}],"predecessor-version":[{"id":33077,"href":"https:\/\/friends.se\/ar\/wp-json\/wp\/v2\/pages\/26487\/revisions\/33077"}],"up":[{"embeddable":true,"href":"https:\/\/friends.se\/ar\/wp-json\/wp\/v2\/pages\/11325"}],"wp:featuredmedia":[{"embeddable":true,"href":"https:\/\/friends.se\/ar\/wp-json\/wp\/v2\/media\/26780"}],"wp:attachment":[{"href":"https:\/\/friends.se\/ar\/wp-json\/wp\/v2\/media?parent=26487"}],"wp:term":[{"taxonomy":"category","embeddable":true,"href":"https:\/\/friends.se\/ar\/wp-json\/wp\/v2\/categories?post=26487"},{"taxonomy":"post_tag","embeddable":true,"href":"https:\/\/friends.se\/ar\/wp-json\/wp\/v2\/tags?post=26487"},{"taxonomy":"simple-restrict-permission","embeddable":true,"href":"https:\/\/friends.se\/ar\/wp-json\/wp\/v2\/simple-restrict-permission?post=26487"}],"curies":[{"name":"wp","href":"https:\/\/api.w.org\/{rel}","templated":true}]}}