{"id":26484,"date":"2024-09-05T09:42:42","date_gmt":"2024-09-05T07:42:42","guid":{"rendered":"https:\/\/friends.se\/?page_id=26484"},"modified":"2024-10-16T13:57:49","modified_gmt":"2024-10-16T11:57:49","slug":"hur-hanterar-jag-nedstamdhet-och-depression","status":"publish","type":"page","link":"https:\/\/friends.se\/ar\/kunskapsbanken\/barn-och-unga\/hur-hanterar-jag-nedstamdhet-och-depression\/","title":{"rendered":"Hur hanterar jag nedst\u00e4mdhet och depression?"},"content":{"rendered":"","protected":false},"excerpt":{"rendered":"<p>Det kan finnas m\u00e5nga olika orsaker till att du k\u00e4nner dig nedst\u00e4md eller deprimerad. H\u00e4r f\u00e5r du tips p\u00e5 hur du kan f\u00f6r\u00e4ndra ditt m\u00e5ende.<\/p>\n","protected":false},"author":3,"featured_media":3920,"parent":11325,"menu_order":0,"comment_status":"closed","ping_status":"closed","template":"","meta":{"_acf_changed":false,"_helpful_status":1,"_relevanssi_hide_post":"","_relevanssi_hide_content":"","_relevanssi_pin_for_all":"","_relevanssi_pin_keywords":"","_relevanssi_unpin_keywords":"","_relevanssi_related_keywords":"","_relevanssi_related_include_ids":"","_relevanssi_related_exclude_ids":"","_relevanssi_related_no_append":"","_relevanssi_related_not_related":"","_relevanssi_related_posts":"","_relevanssi_noindex_reason":"","footnotes":""},"categories":[90],"tags":[],"simple-restrict-permission":[],"class_list":["post-26484","page","type-page","status-publish","has-post-thumbnail","hentry","category-barn-och-unga-ar"],"acf":[],"_links":{"self":[{"href":"https:\/\/friends.se\/ar\/wp-json\/wp\/v2\/pages\/26484","targetHints":{"allow":["GET"]}}],"collection":[{"href":"https:\/\/friends.se\/ar\/wp-json\/wp\/v2\/pages"}],"about":[{"href":"https:\/\/friends.se\/ar\/wp-json\/wp\/v2\/types\/page"}],"author":[{"embeddable":true,"href":"https:\/\/friends.se\/ar\/wp-json\/wp\/v2\/users\/3"}],"replies":[{"embeddable":true,"href":"https:\/\/friends.se\/ar\/wp-json\/wp\/v2\/comments?post=26484"}],"version-history":[{"count":7,"href":"https:\/\/friends.se\/ar\/wp-json\/wp\/v2\/pages\/26484\/revisions"}],"predecessor-version":[{"id":27194,"href":"https:\/\/friends.se\/ar\/wp-json\/wp\/v2\/pages\/26484\/revisions\/27194"}],"up":[{"embeddable":true,"href":"https:\/\/friends.se\/ar\/wp-json\/wp\/v2\/pages\/11325"}],"wp:featuredmedia":[{"embeddable":true,"href":"https:\/\/friends.se\/ar\/wp-json\/wp\/v2\/media\/3920"}],"wp:attachment":[{"href":"https:\/\/friends.se\/ar\/wp-json\/wp\/v2\/media?parent=26484"}],"wp:term":[{"taxonomy":"category","embeddable":true,"href":"https:\/\/friends.se\/ar\/wp-json\/wp\/v2\/categories?post=26484"},{"taxonomy":"post_tag","embeddable":true,"href":"https:\/\/friends.se\/ar\/wp-json\/wp\/v2\/tags?post=26484"},{"taxonomy":"simple-restrict-permission","embeddable":true,"href":"https:\/\/friends.se\/ar\/wp-json\/wp\/v2\/simple-restrict-permission?post=26484"}],"curies":[{"name":"wp","href":"https:\/\/api.w.org\/{rel}","templated":true}]}}